{"id":629,"date":"2026-03-21T11:17:29","date_gmt":"2026-03-21T10:17:29","guid":{"rendered":"https:\/\/thalhof.net\/?page_id=629"},"modified":"2026-04-10T11:04:36","modified_gmt":"2026-04-10T10:04:36","slug":"online-bestellung","status":"publish","type":"page","link":"https:\/\/thalhof.net\/index.php\/online-bestellung\/","title":{"rendered":"Bestellformular"},"content":{"rendered":"\n<p>Danke, dass Sie dieses Formular f\u00fcr Ihre Bestellung nutzen<\/p>\n\n\n\n<p>Es ist hilfreich, wenn Sie ca. eine Woche vor Ihrem gew\u00fcnschten Abholtermin bestellen. Bitte geben Sie Ihre Bestellungen aber bis sp\u00e4testens 12:00 Uhr am Vortag des Abholtermines bekannt. Sp\u00e4ter abgegebene Bestellungen k\u00f6nnen leider nicht ber\u00fccksichtigt werden.<\/p>\n\n\n\n<p><strong>Beachten Sie die voraussichtliche Verf\u00fcgbarkeit:<\/strong><\/p>\n\n\n\n<ul class=\"wp-block-list\">\n<li>Legereife Junghennen: &nbsp;Ende Februar bis Anfang November<\/li>\n\n\n\n<li>Mastk\u00fcken: &nbsp;Von KW 6 bis KW16 14t\u00e4gig in den geraden Kalenderwochen, von KW17 bis KW28 w\u00f6chentlich, von KW30 bis KW46 14t\u00e4gig in den geraden Kalenderwochen<\/li>\n\n\n\n<li>Wildmastk\u00fcken: Von KW 10 bis KW 32 in den geraden Kalenderwochen<\/li>\n\n\n\n<li>Legek\u00fcken: KW 12, 16, 20, 24 (unbedingt 7 Tage im Voraus bestellen)<\/li>\n\n\n\n<li>Enten: Kalenderwoche 18, 22 und 26 (unbedingt 7 Tage im Voraus bestellen)<\/li>\n\n\n\n<li>Puten: Kalenderwoche 19-25 und 29-32<\/li>\n\n\n\n<li>G\u00e4nse: Kalenderwoche 18, 22 und 26 (unbedingt 7 Tage im Voraus bestellen)<\/li>\n<\/ul>\n\n\n\n<form method=\"post\" id=\"bes-form\" class=\"bes-form\">\n\n<input type=\"hidden\" id=\"bes_nonce\" name=\"bes_nonce\" value=\"bbae795de5\" \/><input type=\"hidden\" name=\"_wp_http_referer\" value=\"\/index.php\/wp-json\/wp\/v2\/pages\/629\" \/>\n<h3 class=\"bes-title\">Bestellinformationen<\/h3>\n\n<div class=\"bes-grid\">\n\n<div class=\"bes-field\">\n<label>Vorname *<\/label>\n<input name=\"bes_customer_firstname\" required>\n<\/div>\n<div class=\"bes-field\">\n<label>Nachname *<\/label>\n<input name=\"bes_customer_lastname\" required>\n<\/div>\n\n<div class=\"bes-field\">\n<label>E-Mail *<\/label>\n<input name=\"email\" type=\"email\" required>\n<\/div>\n\n<div class=\"bes-field\">\n<label>Telefon *<\/label>\n<input name=\"phone\" required>\n<\/div>\n\n<div class=\"bes-field\">\n<label>Adresse<\/label>\n<input name=\"address\">\n<\/div>\n\n<\/div>\n\n<div class=\"bes-field\">\n<label>Abgabestelle *<\/label>\n<select name=\"location\" id=\"bes-location\" required>\n\n<option value=\"\">Standort w\u00e4hlen<\/option>\n\n<option value=\"22\">\nDellach im Drautal<\/option>\n<option value=\"6\">\nFeldkirchen<\/option>\n<option value=\"8\">\nFerlach<\/option>\n<option value=\"26\">\nFlattach<\/option>\n<option value=\"12\">\nGm\u00fcnd in K\u00e4rnten<\/option>\n<option value=\"19\">\nGreifenburg<\/option>\n<option value=\"14\">\nHermagor<\/option>\n<option value=\"23\">\nIrschen<\/option>\n<option value=\"3\">\nKlagenfurt<\/option>\n<option value=\"21\">\nKleblach<\/option>\n<option value=\"28\">\nLesachtal<\/option>\n<option value=\"15\">\nLienz<\/option>\n<option value=\"16\">\nMatrei<\/option>\n<option value=\"5\">\nMochoritsch Griffen Rast<\/option>\n<option value=\"10\">\nNeumarkt<\/option>\n<option value=\"20\">\nN\u00f6tsch<\/option>\n<option value=\"24\">\nOberdrauburg<\/option>\n<option value=\"27\">\nObervellach<\/option>\n<option value=\"13\">\nPusarnitz<\/option>\n<option value=\"18\">\nRadenthein<\/option>\n<option value=\"11\">\nRothenthurn<\/option>\n<option value=\"17\">\nSillian<\/option>\n<option value=\"9\">\nSt. Jakob im Rosental<\/option>\n<option value=\"4\">\nSt. Paul im Lavanttal<\/option>\n<option value=\"2\">\nThalhof<\/option>\n<option value=\"7\">\nVillach<\/option>\n<option value=\"25\">\nWinklern<\/option>\n\n<\/select>\n<\/div>\n\n\n<div class=\"bes-field\">\n<label>Lieferdatum *<\/label>\n<select name=\"bes_delivery_date\" id=\"bes-date\" required>\n<option value=\"\">Datum w\u00e4hlen<\/option>\n<\/select>\n<\/div>\n\n<div class=\"InfoImportant\">\n DATA\n<\/div>\n\n<h4 class=\"bes-products-title\">Produkte<\/h4>\n\n<div class=\"bes-products\">\n\n<table class=\"bes-table\">\n<tbody>\n\n\n<tr>\n<td class=\"bes-product-name\">\nJunghenne Braun<\/td>\n\n<td class=\"bes-product-qty\">\n<input \ntype=\"number\"\nname=\"products[1]\"\nvalue=\"0\"\nmin=\"0\"\nmax=\"200\"\n>\n<\/td>\n\n<\/tr>\n\n\n<tr>\n<td class=\"bes-product-name\">\nJunghenne Schwarz<\/td>\n\n<td class=\"bes-product-qty\">\n<input \ntype=\"number\"\nname=\"products[2]\"\nvalue=\"0\"\nmin=\"0\"\nmax=\"200\"\n>\n<\/td>\n\n<\/tr>\n\n\n<tr>\n<td class=\"bes-product-name\">\nJunghenne Weiss<\/td>\n\n<td class=\"bes-product-qty\">\n<input \ntype=\"number\"\nname=\"products[3]\"\nvalue=\"0\"\nmin=\"0\"\nmax=\"200\"\n>\n<\/td>\n\n<\/tr>\n\n\n<tr>\n<td class=\"bes-product-name\">\nJunghenne Sperber<\/td>\n\n<td class=\"bes-product-qty\">\n<input \ntype=\"number\"\nname=\"products[4]\"\nvalue=\"0\"\nmin=\"0\"\nmax=\"200\"\n>\n<\/td>\n\n<\/tr>\n\n\n<tr>\n<td class=\"bes-product-name\">\nJunghenne Sussex<\/td>\n\n<td class=\"bes-product-qty\">\n<input \ntype=\"number\"\nname=\"products[5]\"\nvalue=\"0\"\nmin=\"0\"\nmax=\"200\"\n>\n<\/td>\n\n<\/tr>\n\n\n<tr>\n<td class=\"bes-product-name\">\nJunghenne K\u00f6nigsberger<\/td>\n\n<td class=\"bes-product-qty\">\n<input \ntype=\"number\"\nname=\"products[6]\"\nvalue=\"0\"\nmin=\"0\"\nmax=\"200\"\n>\n<\/td>\n\n<\/tr>\n\n\n<tr>\n<td class=\"bes-product-name\">\nJunghenne Gr\u00fcnleger<\/td>\n\n<td class=\"bes-product-qty\">\n<input \ntype=\"number\"\nname=\"products[7]\"\nvalue=\"0\"\nmin=\"0\"\nmax=\"200\"\n>\n<\/td>\n\n<\/tr>\n\n\n<tr>\n<td class=\"bes-product-name\">\nJunghenne Maran<\/td>\n\n<td class=\"bes-product-qty\">\n<input \ntype=\"number\"\nname=\"products[8]\"\nvalue=\"0\"\nmin=\"0\"\nmax=\"200\"\n>\n<\/td>\n\n<\/tr>\n\n\n<tr>\n<td class=\"bes-product-name\">\nJunghenne Tricolore\/Italiener<\/td>\n\n<td class=\"bes-product-qty\">\n<input \ntype=\"number\"\nname=\"products[9]\"\nvalue=\"0\"\nmin=\"0\"\nmax=\"200\"\n>\n<\/td>\n\n<\/tr>\n\n\n<tr>\n<td class=\"bes-product-name\">\nJunghenne Blauleger<\/td>\n\n<td class=\"bes-product-qty\">\n<input \ntype=\"number\"\nname=\"products[10]\"\nvalue=\"0\"\nmin=\"0\"\nmax=\"200\"\n>\n<\/td>\n\n<\/tr>\n\n\n<tr>\n<td class=\"bes-product-name\">\nMastk\u00fccken<\/td>\n\n<td class=\"bes-product-qty\">\n<input \ntype=\"number\"\nname=\"products[11]\"\nvalue=\"0\"\nmin=\"0\"\nmax=\"200\"\n>\n<\/td>\n\n<\/tr>\n\n\n<tr>\n<td class=\"bes-product-name\">\nWildmastk\u00fccken<\/td>\n\n<td class=\"bes-product-qty\">\n<input \ntype=\"number\"\nname=\"products[12]\"\nvalue=\"0\"\nmin=\"0\"\nmax=\"200\"\n>\n<\/td>\n\n<\/tr>\n\n\n<tr>\n<td class=\"bes-product-name\">\nLegek\u00fccken braun<\/td>\n\n<td class=\"bes-product-qty\">\n<input \ntype=\"number\"\nname=\"products[13]\"\nvalue=\"0\"\nmin=\"0\"\nmax=\"200\"\n>\n<\/td>\n\n<\/tr>\n\n\n<tr>\n<td class=\"bes-product-name\">\nLegek\u00fccken wei\u00df<\/td>\n\n<td class=\"bes-product-qty\">\n<input \ntype=\"number\"\nname=\"products[14]\"\nvalue=\"0\"\nmin=\"0\"\nmax=\"200\"\n>\n<\/td>\n\n<\/tr>\n\n\n<tr>\n<td class=\"bes-product-name\">\nPuten wei\u00df<\/td>\n\n<td class=\"bes-product-qty\">\n<input \ntype=\"number\"\nname=\"products[15]\"\nvalue=\"0\"\nmin=\"0\"\nmax=\"200\"\n>\n<\/td>\n\n<\/tr>\n\n\n<tr>\n<td class=\"bes-product-name\">\nBronzeputen<\/td>\n\n<td class=\"bes-product-qty\">\n<input \ntype=\"number\"\nname=\"products[16]\"\nvalue=\"0\"\nmin=\"0\"\nmax=\"200\"\n>\n<\/td>\n\n<\/tr>\n\n\n<tr>\n<td class=\"bes-product-name\">\nPekingente<\/td>\n\n<td class=\"bes-product-qty\">\n<input \ntype=\"number\"\nname=\"products[17]\"\nvalue=\"0\"\nmin=\"0\"\nmax=\"200\"\n>\n<\/td>\n\n<\/tr>\n\n\n<tr>\n<td class=\"bes-product-name\">\nG\u00e4nseg\u00f6ssel<\/td>\n\n<td class=\"bes-product-qty\">\n<input \ntype=\"number\"\nname=\"products[18]\"\nvalue=\"0\"\nmin=\"0\"\nmax=\"200\"\n>\n<\/td>\n\n<\/tr>\n\n\n<\/tbody>\n<\/table>\n\n<\/div>\n\n<div class=\"bes-submit\">\n\n<button type=\"submit\" name=\"bes_submit\" value=\"1\">\nBestellung absenden\n<\/button>\n\n<\/div>\n\n<\/form>\n\n<script>\ndocument.getElementById(\"bes-location\").addEventListener(\"change\",function(){\n\nfetch(\"https:\/\/thalhof.net\/wp-admin\/admin-ajax.php?action=bes_dates&loc=\"+this.value)\n.then(r=>r.json())\n.then(data=>{\n\nlet sel=document.getElementById(\"bes-date\");\nsel.innerHTML='<option value=\"\">Datum w\u00e4hlen<\/option>';\n\ndata.forEach(d=>{\nlet o=document.createElement(\"option\");\no.value=d.delivery_date;\no.text=d.delivery_date;\nsel.appendChild(o);\n});\n\n});\n\n});\n<\/script>\n\n\n\n<script id=\"bes-importantinfo\">\ndocument.getElementById(\"bes-date\").addEventListener(\"change\", function() {\n    const selectedDate = this.value;\n    const locationSelect = document.getElementById(\"bes-location\");\n    const locationId = locationSelect.value;\n    const infoDiv = document.querySelector(\".InfoImportant\");\n\n    if (!selectedDate || !locationId) {\n        infoDiv.style.display = \"none\";\n        infoDiv.innerHTML = \"\";\n        return;\n    }\n\n    fetch(\"https:\/\/thalhof.net\/wp-admin\/admin-ajax.php?action=bes_importantinfo&date=\" + selectedDate + \"&loc=\" + locationId)\n    .then(r => r.json())\n    .then(data => {\n        if (data && data.importantinfo && data.importantinfo.trim() !== \"\") {\n            infoDiv.style.display = \"block\";\n            infoDiv.innerHTML = data.importantinfo;\n        } else {\n            infoDiv.style.display = \"none\";\n            infoDiv.innerHTML = \"\";\n        }\n    });\n});\n<\/script>\n\n\n\n","protected":false},"excerpt":{"rendered":"<p>Danke, dass Sie dieses Formular f\u00fcr Ihre Bestellung nutzen Es ist hilfreich, wenn Sie ca. eine Woche vor Ihrem gew\u00fcnschten Abholtermin bestellen. Bitte geben Sie Ihre Bestellungen aber bis sp\u00e4testens 12:00 Uhr am Vortag des Abholtermines bekannt. Sp\u00e4ter abgegebene Bestellungen k\u00f6nnen leider nicht ber\u00fccksichtigt werden. Beachten Sie die voraussichtliche Verf\u00fcgbarkeit:<\/p>\n","protected":false},"author":1,"featured_media":0,"parent":0,"menu_order":0,"comment_status":"closed","ping_status":"closed","template":"","meta":{"footnotes":""},"class_list":["post-629","page","type-page","status-publish","hentry"],"jetpack_sharing_enabled":true,"_links":{"self":[{"href":"https:\/\/thalhof.net\/index.php\/wp-json\/wp\/v2\/pages\/629","targetHints":{"allow":["GET"]}}],"collection":[{"href":"https:\/\/thalhof.net\/index.php\/wp-json\/wp\/v2\/pages"}],"about":[{"href":"https:\/\/thalhof.net\/index.php\/wp-json\/wp\/v2\/types\/page"}],"author":[{"embeddable":true,"href":"https:\/\/thalhof.net\/index.php\/wp-json\/wp\/v2\/users\/1"}],"replies":[{"embeddable":true,"href":"https:\/\/thalhof.net\/index.php\/wp-json\/wp\/v2\/comments?post=629"}],"version-history":[{"count":4,"href":"https:\/\/thalhof.net\/index.php\/wp-json\/wp\/v2\/pages\/629\/revisions"}],"predecessor-version":[{"id":662,"href":"https:\/\/thalhof.net\/index.php\/wp-json\/wp\/v2\/pages\/629\/revisions\/662"}],"wp:attachment":[{"href":"https:\/\/thalhof.net\/index.php\/wp-json\/wp\/v2\/media?parent=629"}],"curies":[{"name":"wp","href":"https:\/\/api.w.org\/{rel}","templated":true}]}}