{"id":60,"date":"2020-03-04T13:29:05","date_gmt":"2020-03-04T12:29:05","guid":{"rendered":"http:\/\/test.thalhof.net\/?page_id=60"},"modified":"2022-03-16T18:32:19","modified_gmt":"2022-03-16T17:32:19","slug":"wassergeflugel","status":"publish","type":"page","link":"https:\/\/thalhof.net\/index.php\/geflugel\/wassergeflugel\/","title":{"rendered":"Wassergefl\u00fcgel"},"content":{"rendered":"\n<figure class=\"wp-block-image size-large\"><img loading=\"lazy\" decoding=\"async\" width=\"960\" height=\"641\" src=\"http:\/\/test.thalhof.net\/wp-content\/uploads\/2022\/03\/gans_titelbild.jpg\" alt=\"\" class=\"wp-image-246\" srcset=\"https:\/\/thalhof.net\/wp-content\/uploads\/2022\/03\/gans_titelbild.jpg 960w, https:\/\/thalhof.net\/wp-content\/uploads\/2022\/03\/gans_titelbild-300x200.jpg 300w, https:\/\/thalhof.net\/wp-content\/uploads\/2022\/03\/gans_titelbild-768x513.jpg 768w, https:\/\/thalhof.net\/wp-content\/uploads\/2022\/03\/gans_titelbild-930x620.jpg 930w\" sizes=\"auto, (max-width: 960px) 100vw, 960px\" \/><\/figure>\n\n\n\n<h2 class=\"wp-block-heading\">G\u00e4nse<\/h2>\n\n\n\n<figure class=\"wp-block-image size-large\"><img loading=\"lazy\" decoding=\"async\" width=\"200\" height=\"266\" src=\"http:\/\/test.thalhof.net\/wp-content\/uploads\/2022\/03\/Gans1.jpg\" alt=\"\" class=\"wp-image-122\"\/><\/figure>\n\n\n\n<p>Die weissen G\u00e4nse zeichnen sich durch ein schnelles Wachstum, ein hohes Gewicht (ca. 7kg in 16 Wochen) und f\u00fcr G\u00e4nse einen moderaten Fettanteil aus. Obwohl G\u00e4nse gute Weideg\u00e4nger sind, ist es wichtig in den ersten beiden Monaten mit einem hochwertigen Futter zu f\u00fcttern, damit das volle Potential in der sp\u00e4teren Weidehaltung ausgenutzt werden kann. Die G\u00e4nse sind von April bis Juni bei einer Vorbestellung bei uns erh\u00e4ltlich. Bitte halten Sie Wassergefl\u00fcgel und H\u00fchner nicht gemeinsam!<\/p>\n\n\n\n<h2 class=\"wp-block-heading\">Enten<\/h2>\n\n\n\n<figure class=\"wp-block-image size-large is-resized\"><img loading=\"lazy\" decoding=\"async\" src=\"http:\/\/test.thalhof.net\/wp-content\/uploads\/2022\/03\/Fotolia_48183315_XS.jpg\" alt=\"\" class=\"wp-image-121\" width=\"186\" height=\"285\" srcset=\"https:\/\/thalhof.net\/wp-content\/uploads\/2022\/03\/Fotolia_48183315_XS.jpg 280w, https:\/\/thalhof.net\/wp-content\/uploads\/2022\/03\/Fotolia_48183315_XS-196x300.jpg 196w\" sizes=\"auto, (max-width: 186px) 100vw, 186px\" \/><\/figure>\n\n\n\n<p>Die Enten sind die Superstars in Punkto Zunahme. Sie erhalten bei uns eine fleischbetonte Rasse mit wei\u00dfem Gefieder. Sie erreichen 4 kg Gewicht in nur 8 Wochen. Wichtig bei diesen Enten ist eine ausreichende Ern\u00e4hrung und Stallhygiene (t\u00e4gliches Nachstreuen). <\/p>\n","protected":false},"excerpt":{"rendered":"<p>G\u00e4nse Die weissen G\u00e4nse zeichnen sich durch ein schnelles Wachstum, ein hohes Gewicht (ca. 7kg in 16 Wochen) und f\u00fcr G\u00e4nse einen moderaten Fettanteil aus. Obwohl G\u00e4nse gute Weideg\u00e4nger sind, ist es wichtig in den ersten beiden Monaten mit einem hochwertigen Futter zu f\u00fcttern, damit das volle Potential in der sp\u00e4teren Weidehaltung ausgenutzt werden kann.&hellip;&nbsp;<a href=\"https:\/\/thalhof.net\/index.php\/geflugel\/wassergeflugel\/\" class=\"\" rel=\"bookmark\">Weiterlesen &raquo;<span class=\"screen-reader-text\">Wassergefl\u00fcgel<\/span><\/a><\/p>\n","protected":false},"author":1,"featured_media":42,"parent":26,"menu_order":0,"comment_status":"closed","ping_status":"closed","template":"","meta":{"footnotes":""},"class_list":["post-60","page","type-page","status-publish","has-post-thumbnail","hentry"],"jetpack_sharing_enabled":true,"_links":{"self":[{"href":"https:\/\/thalhof.net\/index.php\/wp-json\/wp\/v2\/pages\/60","targetHints":{"allow":["GET"]}}],"collection":[{"href":"https:\/\/thalhof.net\/index.php\/wp-json\/wp\/v2\/pages"}],"about":[{"href":"https:\/\/thalhof.net\/index.php\/wp-json\/wp\/v2\/types\/page"}],"author":[{"embeddable":true,"href":"https:\/\/thalhof.net\/index.php\/wp-json\/wp\/v2\/users\/1"}],"replies":[{"embeddable":true,"href":"https:\/\/thalhof.net\/index.php\/wp-json\/wp\/v2\/comments?post=60"}],"version-history":[{"count":3,"href":"https:\/\/thalhof.net\/index.php\/wp-json\/wp\/v2\/pages\/60\/revisions"}],"predecessor-version":[{"id":247,"href":"https:\/\/thalhof.net\/index.php\/wp-json\/wp\/v2\/pages\/60\/revisions\/247"}],"up":[{"embeddable":true,"href":"https:\/\/thalhof.net\/index.php\/wp-json\/wp\/v2\/pages\/26"}],"wp:featuredmedia":[{"embeddable":true,"href":"https:\/\/thalhof.net\/index.php\/wp-json\/wp\/v2\/media\/42"}],"wp:attachment":[{"href":"https:\/\/thalhof.net\/index.php\/wp-json\/wp\/v2\/media?parent=60"}],"curies":[{"name":"wp","href":"https:\/\/api.w.org\/{rel}","templated":true}]}}