{"id":58,"date":"2020-03-04T13:28:25","date_gmt":"2020-03-04T12:28:25","guid":{"rendered":"http:\/\/test.thalhof.net\/?page_id=58"},"modified":"2022-03-16T18:21:43","modified_gmt":"2022-03-16T17:21:43","slug":"junghennen","status":"publish","type":"page","link":"https:\/\/thalhof.net\/index.php\/geflugel\/junghennen\/","title":{"rendered":"Junghennen"},"content":{"rendered":"\n<figure class=\"wp-block-image size-large is-resized\"><img loading=\"lazy\" decoding=\"async\" src=\"http:\/\/test.thalhof.net\/wp-content\/uploads\/2020\/03\/chicken-2742352_1920-1024x438.jpg\" alt=\"\" class=\"wp-image-13\" width=\"1054\" height=\"451\" srcset=\"https:\/\/thalhof.net\/wp-content\/uploads\/2020\/03\/chicken-2742352_1920-1024x438.jpg 1024w, https:\/\/thalhof.net\/wp-content\/uploads\/2020\/03\/chicken-2742352_1920-300x128.jpg 300w, https:\/\/thalhof.net\/wp-content\/uploads\/2020\/03\/chicken-2742352_1920-768x328.jpg 768w, https:\/\/thalhof.net\/wp-content\/uploads\/2020\/03\/chicken-2742352_1920-1536x657.jpg 1536w, https:\/\/thalhof.net\/wp-content\/uploads\/2020\/03\/chicken-2742352_1920.jpg 1920w\" sizes=\"auto, (max-width: 1054px) 100vw, 1054px\" \/><\/figure>\n\n\n\n<p>Unsere Junghennen sind f\u00fcr die Haltung in kleinen Gruppen (Freiland, Bodenhaltung) bestens geeignet und auch vorbereitet. Wir beraten Sie gerne und finden f\u00fcr Sie die optimalen Hennen. Unsere Kunden sch\u00e4tzen die gro\u00dfe Auswahl an verschiedenen Farbschl\u00e4gen, die auch in der Lage sind Spitzenleistungen in der alternativen Haltung zu bringen.<\/p>\n\n\n\n<p><\/p>\n\n\n\n<h2 class=\"wp-block-heading\">Junghenne Braun<\/h2>\n\n\n\n<figure class=\"wp-block-image size-large is-resized\"><img loading=\"lazy\" decoding=\"async\" src=\"http:\/\/test.thalhof.net\/wp-content\/uploads\/2022\/03\/Braun.jpg\" alt=\"\" class=\"wp-image-115\" width=\"233\" height=\"266\" srcset=\"https:\/\/thalhof.net\/wp-content\/uploads\/2022\/03\/Braun.jpg 392w, https:\/\/thalhof.net\/wp-content\/uploads\/2022\/03\/Braun-263x300.jpg 263w\" sizes=\"auto, (max-width: 233px) 100vw, 233px\" \/><\/figure>\n\n\n\n<p>Die meist verkaufte Henne in ganz \u00d6sterreich! Sie zeichnet sich aus durch eine sehr gute Legeleistung mit gro\u00dfen Eiern (im ersten Jahr bei optimaler F\u00fctterung und Haltung bis zu 320 Eiern). Die Schale ist attraktiv braun und besitzt eine gute Schalenqualit\u00e4t. Sie ist eine mittelschwere Henne (ca. 2,2 kg in der 70 Lebenswoche) und besitzt eine sehr gute Futterverwertung (Eigewicht zu Futter). Die braunen Hennen haben ein ausgeglichenes Temperament. <\/p>\n\n\n\n<p><\/p>\n\n\n\n<div class=\"wp-block-group\"><div class=\"wp-block-group__inner-container is-layout-flow wp-block-group-is-layout-flow\">\n<h2 class=\"wp-block-heading\">Junghenne Schwarz<\/h2>\n<\/div><\/div>\n\n\n\n<figure class=\"wp-block-image size-large is-resized\"><img loading=\"lazy\" decoding=\"async\" src=\"http:\/\/test.thalhof.net\/wp-content\/uploads\/2022\/03\/harco.jpg\" alt=\"\" class=\"wp-image-125\" width=\"179\" height=\"281\" srcset=\"https:\/\/thalhof.net\/wp-content\/uploads\/2022\/03\/harco.jpg 352w, https:\/\/thalhof.net\/wp-content\/uploads\/2022\/03\/harco-191x300.jpg 191w\" sizes=\"auto, (max-width: 179px) 100vw, 179px\" \/><\/figure>\n\n\n\n<p>Die schwarze Henne ist eine durchsetzungsstarke Legehenne, die eine sehr gute Legeleistung aufweist. Sie ist wird etwas schwerer (2,4 kg) und wird gerne als Wechselpartner f\u00fcr die braune Henne verwendet (1 Jahr schwarze ein Jahr braune H\u00fchner). Die Eier haben ein etwas helleres Braun und zeichnen sich mit einer guten Schalenstabilit\u00e4t aus.<\/p>\n\n\n\n<h2 class=\"wp-block-heading\">Junghenne Weiss<\/h2>\n\n\n\n<figure class=\"wp-block-image size-large is-resized\"><img loading=\"lazy\" decoding=\"async\" src=\"http:\/\/test.thalhof.net\/wp-content\/uploads\/2022\/03\/weiss1-1.jpg\" alt=\"\" class=\"wp-image-143\" width=\"222\" height=\"242\"\/><\/figure>\n\n\n\n<p>Die weisse Junghenne besticht durch eine sehr gute Legeleistung (sogar etwas mehr Eier als die braune Junghenne, bei gleicher Eimasse) und der besten Futterverwertung (Eier zu Futter) aller Hennen. Sie ist eine schlanke, sehr aufgeweckte Henne mit einer enormen Agilit\u00e4t. Die Eischale ist weiss und hat eine gute Stabilit\u00e4t. Da sie ein geringeres K\u00f6rpergewicht hat, stellt sie etwas h\u00f6here Anspr\u00fcche an die Umgebung. Kunden die eine ruhigere, etwas schwerere Henne mit weissen Eiern haben m\u00f6chten kaufen alternativ auch unsere Tricolore H\u00fchner.<\/p>\n\n\n\n<h2 class=\"wp-block-heading\">Sperber<\/h2>\n\n\n\n<figure class=\"wp-block-image size-large is-resized\"><img loading=\"lazy\" decoding=\"async\" src=\"http:\/\/test.thalhof.net\/wp-content\/uploads\/2022\/03\/sperber_1.jpg\" alt=\"\" class=\"wp-image-134\" width=\"214\" height=\"268\" srcset=\"https:\/\/thalhof.net\/wp-content\/uploads\/2022\/03\/sperber_1.jpg 346w, https:\/\/thalhof.net\/wp-content\/uploads\/2022\/03\/sperber_1-239x300.jpg 239w\" sizes=\"auto, (max-width: 214px) 100vw, 214px\" \/><\/figure>\n\n\n\n<p>Die Sperber Henne ist eine robuste und leistungsf\u00e4hige Legerasse. Sie ist mittelschwer und hat ein ausgeglichenes Gem\u00fct. Sie legt hellbraune Eier mit einer festen Schale. In Kleinbest\u00e4nden mit viel Auslauf bew\u00e4hrt sie sich und steht den konventionellen Hybriden in der Legeleistung nur wenig nach.  <\/p>\n\n\n\n<h2 class=\"wp-block-heading\">K\u00f6nigsberger<\/h2>\n\n\n\n<figure class=\"wp-block-image size-large is-resized\"><img loading=\"lazy\" decoding=\"async\" src=\"http:\/\/test.thalhof.net\/wp-content\/uploads\/2022\/03\/Koenigsberger_1.jpg\" alt=\"\" class=\"wp-image-129\" width=\"175\" height=\"268\" srcset=\"https:\/\/thalhof.net\/wp-content\/uploads\/2022\/03\/Koenigsberger_1.jpg 335w, https:\/\/thalhof.net\/wp-content\/uploads\/2022\/03\/Koenigsberger_1-196x300.jpg 196w\" sizes=\"auto, (max-width: 175px) 100vw, 175px\" \/><\/figure>\n\n\n\n<p>Wir finden, die K\u00f6nigsberger ist eine sehr sch\u00f6ne Henne. Es gibt dunklere und hellere Typen. Die Leistungsf\u00e4higkeit und das Verhalten ist den Sperbern sehr \u00e4hnlich. Sie ist mittelschwer und legt hellbraune Eier mit einer festen Schale. H\u00fchnerhalter die eine gute Legehenne mit einem besonderen Aussehen suchen sind mit der K\u00f6nigsberger gut aufgehoben.<\/p>\n\n\n\n<h2 class=\"wp-block-heading\">Sussex<\/h2>\n\n\n\n<figure class=\"wp-block-image size-large is-resized\"><img loading=\"lazy\" decoding=\"async\" src=\"http:\/\/test.thalhof.net\/wp-content\/uploads\/2022\/03\/Sussex_1.jpg\" alt=\"\" class=\"wp-image-136\" width=\"211\" height=\"247\" srcset=\"https:\/\/thalhof.net\/wp-content\/uploads\/2022\/03\/Sussex_1.jpg 390w, https:\/\/thalhof.net\/wp-content\/uploads\/2022\/03\/Sussex_1-257x300.jpg 257w\" sizes=\"auto, (max-width: 211px) 100vw, 211px\" \/><\/figure>\n\n\n\n<p>Die Sussex ist eine attraktiv aussehende, mittelschwere weisse Henne mit schwarzen Sto\u00df- und Halsfedern. Sie ist eine ausgeglichene, ruhige Henne mit einer guten Legeleistung.  Die Legeleistung ist vergleichbar mit den Sperber Hennen. Sie legt hellbraune Eier . <\/p>\n\n\n\n<h2 class=\"wp-block-heading\">Gr\u00fcnleger<\/h2>\n\n\n\n<figure class=\"wp-block-image size-large is-resized\"><img loading=\"lazy\" decoding=\"async\" src=\"http:\/\/test.thalhof.net\/wp-content\/uploads\/2022\/03\/Gruenleger2.jpg\" alt=\"\" class=\"wp-image-155\" width=\"194\" height=\"202\" srcset=\"https:\/\/thalhof.net\/wp-content\/uploads\/2022\/03\/Gruenleger2.jpg 980w, https:\/\/thalhof.net\/wp-content\/uploads\/2022\/03\/Gruenleger2-288x300.jpg 288w, https:\/\/thalhof.net\/wp-content\/uploads\/2022\/03\/Gruenleger2-768x799.jpg 768w\" sizes=\"auto, (max-width: 194px) 100vw, 194px\" \/><\/figure>\n\n\n\n<p>Wir waren einer der ersten Gefl\u00fcgelh\u00f6fe in \u00d6sterreich, der die Gr\u00fcnleger im Programm hatte. Seitdem w\u00e4chst die Fangemeinschaft stetig an. Neben der einzigartigen gr\u00fcnen Eifarbe unterscheidet sich das Ei auch innerlich. Ein etwas gr\u00f6\u00dferer Dotter und eine etwas andere Zusammensetzung des Eies machen dies f\u00fcr einige unserer Kundschaften sehr vertr\u00e4glich (wir haben Kunden mit einer Unvertr\u00e4glichkeit die die Gr\u00fcnlegereier anstatt von Wachteleiern konsumieren). Die Legeleistung ist gut und hat bei richtiger F\u00fctterung eine gute Eigr\u00f6\u00dfe. Die Gr\u00fcnleger gibt es in vielen unterschiedlichen Farben &#8211; typisch f\u00fcr unsere Hennen ist meist eine kleine Haube am Kopf.<\/p>\n\n\n\n<h2 class=\"wp-block-heading\">Marans<\/h2>\n\n\n\n<figure class=\"wp-block-image size-large is-resized\"><img loading=\"lazy\" decoding=\"async\" src=\"http:\/\/test.thalhof.net\/wp-content\/uploads\/2022\/03\/Marans.jpg\" alt=\"\" class=\"wp-image-157\" width=\"198\" height=\"263\" srcset=\"https:\/\/thalhof.net\/wp-content\/uploads\/2022\/03\/Marans.jpg 524w, https:\/\/thalhof.net\/wp-content\/uploads\/2022\/03\/Marans-226x300.jpg 226w\" sizes=\"auto, (max-width: 198px) 100vw, 198px\" \/><\/figure>\n\n\n\n<p>Marans sind eine alte franz\u00f6sische Legerasse. Sie zeichnen sich durch ihre attraktiven, dunkelbraunen Eier aus (manche sagen dazu Schokoeier). Sie sind eine etwas schwerere, dunkle H\u00fchnerrasse mit einigen Federn auf den St\u00e4ndern. <\/p>\n\n\n\n<h2 class=\"wp-block-heading\">Tricolore \/ Italiener<\/h2>\n\n\n\n<figure class=\"wp-block-image size-large is-resized\"><img loading=\"lazy\" decoding=\"async\" src=\"http:\/\/test.thalhof.net\/wp-content\/uploads\/2022\/03\/Tricolore.jpg\" alt=\"\" class=\"wp-image-160\" width=\"223\" height=\"262\" srcset=\"https:\/\/thalhof.net\/wp-content\/uploads\/2022\/03\/Tricolore.jpg 677w, https:\/\/thalhof.net\/wp-content\/uploads\/2022\/03\/Tricolore-255x300.jpg 255w\" sizes=\"auto, (max-width: 223px) 100vw, 223px\" \/><\/figure>\n\n\n\n<p>Italiener sind goldbraune H\u00fchner mit teilweise grau, schwarzen Unterfedern. Tricolore haben noch wei\u00dfe Flecken im Gefieder. Sie haben eine beachtliche Legeleistung von bis zu 280  wei\u00dfen Eiern pro Jahr. In der Kleinhaltung erreichen sie sogar das Leistungsniveau von braunen H\u00fchnern (diese haben im Schnitt aber mehr Eimasse). Die Italiener bzw. Tricolore gibt es nur in einer begrenzten St\u00fcckzahl &#8211; rechtzeitig vorbestellen.<\/p>\n\n\n\n<h2 class=\"wp-block-heading\">Hinweise zu unseren H\u00fchnern<\/h2>\n\n\n\n<p>Alle unsere H\u00fchner haben die gesetzlich vorgeschriebenen Impfungen (i.d.R. Salmonella Enteritits, Infekti\u00f6se Bronchitis, Marek, Newcastle Desease, Gumboro, Kokzidiose, AE).<\/p>\n\n\n\n<p>Bitte beachten Sie, dass unsere H\u00fchner keine anerkannten Zuchth\u00fchner sind. Wir verkaufen Gebrauchsh\u00fchner die auf Leistung- und Robustheit gez\u00fcchtet sind. Nat\u00fcrlich k\u00f6nnen Sie diese H\u00fchner weiter vermehren aber wir \u00fcbernehmen keine Garantie f\u00fcr zum Beispiel Formwerte und dergleichen. <\/p>\n\n\n\n<p><\/p>\n","protected":false},"excerpt":{"rendered":"<p>Unsere Junghennen sind f\u00fcr die Haltung in kleinen Gruppen (Freiland, Bodenhaltung) bestens geeignet und auch vorbereitet. Wir beraten Sie gerne und finden f\u00fcr Sie die optimalen Hennen. Unsere Kunden sch\u00e4tzen die gro\u00dfe Auswahl an verschiedenen Farbschl\u00e4gen, die auch in der Lage sind Spitzenleistungen in der alternativen Haltung zu bringen. Junghenne Braun Die meist verkaufte Henne&hellip;&nbsp;<a href=\"https:\/\/thalhof.net\/index.php\/geflugel\/junghennen\/\" class=\"\" rel=\"bookmark\">Weiterlesen &raquo;<span class=\"screen-reader-text\">Junghennen<\/span><\/a><\/p>\n","protected":false},"author":1,"featured_media":22,"parent":26,"menu_order":0,"comment_status":"closed","ping_status":"closed","template":"","meta":{"footnotes":""},"class_list":["post-58","page","type-page","status-publish","has-post-thumbnail","hentry"],"jetpack_sharing_enabled":true,"_links":{"self":[{"href":"https:\/\/thalhof.net\/index.php\/wp-json\/wp\/v2\/pages\/58","targetHints":{"allow":["GET"]}}],"collection":[{"href":"https:\/\/thalhof.net\/index.php\/wp-json\/wp\/v2\/pages"}],"about":[{"href":"https:\/\/thalhof.net\/index.php\/wp-json\/wp\/v2\/types\/page"}],"author":[{"embeddable":true,"href":"https:\/\/thalhof.net\/index.php\/wp-json\/wp\/v2\/users\/1"}],"replies":[{"embeddable":true,"href":"https:\/\/thalhof.net\/index.php\/wp-json\/wp\/v2\/comments?post=58"}],"version-history":[{"count":18,"href":"https:\/\/thalhof.net\/index.php\/wp-json\/wp\/v2\/pages\/58\/revisions"}],"predecessor-version":[{"id":243,"href":"https:\/\/thalhof.net\/index.php\/wp-json\/wp\/v2\/pages\/58\/revisions\/243"}],"up":[{"embeddable":true,"href":"https:\/\/thalhof.net\/index.php\/wp-json\/wp\/v2\/pages\/26"}],"wp:featuredmedia":[{"embeddable":true,"href":"https:\/\/thalhof.net\/index.php\/wp-json\/wp\/v2\/media\/22"}],"wp:attachment":[{"href":"https:\/\/thalhof.net\/index.php\/wp-json\/wp\/v2\/media?parent=58"}],"curies":[{"name":"wp","href":"https:\/\/api.w.org\/{rel}","templated":true}]}}