{"id":46,"date":"2020-03-04T13:22:10","date_gmt":"2020-03-04T12:22:10","guid":{"rendered":"http:\/\/test.thalhof.net\/?page_id=46"},"modified":"2026-03-25T11:19:39","modified_gmt":"2026-03-25T10:19:39","slug":"kuken","status":"publish","type":"page","link":"https:\/\/thalhof.net\/index.php\/geflugel\/kuken\/","title":{"rendered":"K\u00fcken"},"content":{"rendered":"\n<h2 class=\"wp-block-heading\">Mastk\u00fcken<\/h2>\n\n\n\n<figure class=\"wp-block-image size-large is-resized\"><img loading=\"lazy\" decoding=\"async\" width=\"425\" height=\"282\" src=\"http:\/\/test.thalhof.net\/wp-content\/uploads\/2022\/03\/Mastkueken.jpg\" alt=\"\" class=\"wp-image-131\" style=\"width:246px;height:163px\" srcset=\"https:\/\/thalhof.net\/wp-content\/uploads\/2022\/03\/Mastkueken.jpg 425w, https:\/\/thalhof.net\/wp-content\/uploads\/2022\/03\/Mastkueken-300x199.jpg 300w\" sizes=\"auto, (max-width: 425px) 100vw, 425px\" \/><\/figure>\n\n\n\n<p>Unsere Mastk\u00fcken zeichnen sich durch ein robustes und schnelles Wachstum mit einer sehr guten Futterverwertung aus. Unter optimalen Verh\u00e4ltnissen erreichen diese K\u00fcken ein Gewicht von 2 kg in nur 6 Wochen. <\/p>\n\n\n\n<p>Mindestabnahme: 5 St\u00fcck<\/p>\n\n\n\n<h2 class=\"wp-block-heading\">Legek\u00fcken<\/h2>\n\n\n\n<figure class=\"wp-block-image size-large\"><img loading=\"lazy\" decoding=\"async\" width=\"425\" height=\"282\" src=\"http:\/\/test.thalhof.net\/wp-content\/uploads\/2020\/03\/legekuecken.jpg\" alt=\"\" class=\"wp-image-96\" srcset=\"https:\/\/thalhof.net\/wp-content\/uploads\/2020\/03\/legekuecken.jpg 425w, https:\/\/thalhof.net\/wp-content\/uploads\/2020\/03\/legekuecken-300x199.jpg 300w\" sizes=\"auto, (max-width: 425px) 100vw, 425px\" \/><\/figure>\n\n\n\n<p>Unsere sortierten, weiblichen Legek\u00fcken stehen von M\u00e4rz bis Ende Juni zum verkauf. Sie sind in den Farben Braun, Schwarz, Weiss erh\u00e4ltlich. Die K\u00fcken sind Marek und IB geimpft. Die Legereife erreichen die K\u00fcken in der 20 Lebenswoche.<\/p>\n\n\n\n<p>Mindestabnahme: 5 St\u00fcck<\/p>\n\n\n\n<h2 class=\"wp-block-heading\">Wildmastk\u00fcken<\/h2>\n\n\n\n<figure class=\"wp-block-image size-large is-resized\"><img loading=\"lazy\" decoding=\"async\" width=\"696\" height=\"438\" src=\"http:\/\/test.thalhof.net\/wp-content\/uploads\/2022\/03\/Hubbard_Wildmast.jpg\" alt=\"\" class=\"wp-image-181\" style=\"width:362px;height:228px\" srcset=\"https:\/\/thalhof.net\/wp-content\/uploads\/2022\/03\/Hubbard_Wildmast.jpg 696w, https:\/\/thalhof.net\/wp-content\/uploads\/2022\/03\/Hubbard_Wildmast-300x189.jpg 300w\" sizes=\"auto, (max-width: 696px) 100vw, 696px\" \/><figcaption class=\"wp-element-caption\">Quelle: Hubbard<\/figcaption><\/figure>\n\n\n\n<p>Wildmastk\u00fcken zeichnen sich durch ein langsameres Wachstum und einem braunen Gefieder aus. Sie werden gerne in der Freilandhaltung eingesetzt. Das Schlachtgewicht bei gleicher Mastdauer ist circa 40 Prozent geringer als bei den konventionellen Mastk\u00fcken. Daf\u00fcr erhalten Sie bei richtiger F\u00fctterung einen Vogel mit kompakten, aromatischeren Fleisch.<\/p>\n\n\n\n<p>Mindestabnahme: 5 St\u00fcck<\/p>\n","protected":false},"excerpt":{"rendered":"<p>Mastk\u00fcken Unsere Mastk\u00fcken zeichnen sich durch ein robustes und schnelles Wachstum mit einer sehr guten Futterverwertung aus. Unter optimalen Verh\u00e4ltnissen erreichen diese K\u00fcken ein Gewicht von 2 kg in nur 6 Wochen. Mindestabnahme: 5 St\u00fcck Legek\u00fcken Unsere sortierten, weiblichen Legek\u00fcken stehen von M\u00e4rz bis Ende Juni zum verkauf. Sie sind in den Farben Braun, Schwarz,&hellip;&nbsp;<a href=\"https:\/\/thalhof.net\/index.php\/geflugel\/kuken\/\" class=\"\" rel=\"bookmark\">Weiterlesen &raquo;<span class=\"screen-reader-text\">K\u00fcken<\/span><\/a><\/p>\n","protected":false},"author":1,"featured_media":0,"parent":26,"menu_order":0,"comment_status":"closed","ping_status":"closed","template":"","meta":{"footnotes":""},"class_list":["post-46","page","type-page","status-publish","hentry"],"jetpack_sharing_enabled":true,"_links":{"self":[{"href":"https:\/\/thalhof.net\/index.php\/wp-json\/wp\/v2\/pages\/46","targetHints":{"allow":["GET"]}}],"collection":[{"href":"https:\/\/thalhof.net\/index.php\/wp-json\/wp\/v2\/pages"}],"about":[{"href":"https:\/\/thalhof.net\/index.php\/wp-json\/wp\/v2\/types\/page"}],"author":[{"embeddable":true,"href":"https:\/\/thalhof.net\/index.php\/wp-json\/wp\/v2\/users\/1"}],"replies":[{"embeddable":true,"href":"https:\/\/thalhof.net\/index.php\/wp-json\/wp\/v2\/comments?post=46"}],"version-history":[{"count":6,"href":"https:\/\/thalhof.net\/index.php\/wp-json\/wp\/v2\/pages\/46\/revisions"}],"predecessor-version":[{"id":647,"href":"https:\/\/thalhof.net\/index.php\/wp-json\/wp\/v2\/pages\/46\/revisions\/647"}],"up":[{"embeddable":true,"href":"https:\/\/thalhof.net\/index.php\/wp-json\/wp\/v2\/pages\/26"}],"wp:attachment":[{"href":"https:\/\/thalhof.net\/index.php\/wp-json\/wp\/v2\/media?parent=46"}],"curies":[{"name":"wp","href":"https:\/\/api.w.org\/{rel}","templated":true}]}}