{"id":36,"date":"2020-03-04T13:13:14","date_gmt":"2020-03-04T12:13:14","guid":{"rendered":"http:\/\/test.thalhof.net\/?page_id=36"},"modified":"2026-02-26T09:22:39","modified_gmt":"2026-02-26T08:22:39","slug":"kontakt","status":"publish","type":"page","link":"https:\/\/thalhof.net\/index.php\/kontakt\/","title":{"rendered":"Kontakt"},"content":{"rendered":"\n<h2 class=\"wp-block-heading has-text-align-center\"> Telefon: <strong><mark style=\"background-color:rgba(0, 0, 0, 0)\" class=\"has-inline-color has-neve-link-hover-color-color\">04213 &#8211; 2047<\/mark><\/strong><br>e-mail:<strong><mark style=\"background-color:rgba(0, 0, 0, 0)\" class=\"has-inline-color has-neve-link-hover-color-color\"> office@thalhof.net<\/mark><\/strong><\/h2>\n\n\n\n<hr class=\"wp-block-separator alignfull has-alpha-channel-opacity\"\/>\n\n\n\n<p class=\"has-text-align-center\"><strong><mark style=\"background-color:rgba(0, 0, 0, 0)\" class=\"has-inline-color has-neve-link-hover-color-color\">Gefl\u00fcgelhof Thalhof<\/mark><\/strong><br>Anni B\u00e4uerliche Vermarktungs und Gefl\u00fcgel GmbH<br>Thalsdorf 6<br>9314 Launsdorf<\/p>\n\n\n\n<p><\/p>\n\n\n\n<p id=\"Zustellung-\">Unser Gefl\u00fcgelverkauf beginnt am 19. Februar und endet Mitte November. Ein gro\u00dfer Teil unseres Gefl\u00fcgels wird auf unseren Abgabestellen in ganz K\u00e4rnten und Osttirol ausgegeben (siehe <a href=\"http:\/\/test.thalhof.net\/index.php\/zustellung\/\" data-type=\"page\" data-id=\"34\">Abgabestellen<\/a>). Sie k\u00f6nnen auch zu uns auf den Hof kommen. Unser Hauptverkaufstage sind DONNERSTAGS von 10:00 &#8211; 12:00 und von 13:30 &#8211; 15:30 und Freitag von 10:00 &#8211; 12:00 Uhr. Sollten Sie nur an anderen Tagen Zeit haben &#8211; bitte vereinbaren Sie mit uns einen Termin.<\/p>\n\n\n\n<p><\/p>\n","protected":false},"excerpt":{"rendered":"<p>Telefon: 04213 &#8211; 2047e-mail: office@thalhof.net Gefl\u00fcgelhof ThalhofAnni B\u00e4uerliche Vermarktungs und Gefl\u00fcgel GmbHThalsdorf 69314 Launsdorf Unser Gefl\u00fcgelverkauf beginnt am 19. Februar und endet Mitte November. Ein gro\u00dfer Teil unseres Gefl\u00fcgels wird auf unseren Abgabestellen in ganz K\u00e4rnten und Osttirol ausgegeben (siehe Abgabestellen). Sie k\u00f6nnen auch zu uns auf den Hof kommen. Unser Hauptverkaufstage sind DONNERSTAGS von&hellip;&nbsp;<a href=\"https:\/\/thalhof.net\/index.php\/kontakt\/\" class=\"\" rel=\"bookmark\">Weiterlesen &raquo;<span class=\"screen-reader-text\">Kontakt<\/span><\/a><\/p>\n","protected":false},"author":1,"featured_media":0,"parent":0,"menu_order":4,"comment_status":"closed","ping_status":"closed","template":"","meta":{"footnotes":""},"class_list":["post-36","page","type-page","status-publish","hentry"],"jetpack_sharing_enabled":true,"_links":{"self":[{"href":"https:\/\/thalhof.net\/index.php\/wp-json\/wp\/v2\/pages\/36","targetHints":{"allow":["GET"]}}],"collection":[{"href":"https:\/\/thalhof.net\/index.php\/wp-json\/wp\/v2\/pages"}],"about":[{"href":"https:\/\/thalhof.net\/index.php\/wp-json\/wp\/v2\/types\/page"}],"author":[{"embeddable":true,"href":"https:\/\/thalhof.net\/index.php\/wp-json\/wp\/v2\/users\/1"}],"replies":[{"embeddable":true,"href":"https:\/\/thalhof.net\/index.php\/wp-json\/wp\/v2\/comments?post=36"}],"version-history":[{"count":17,"href":"https:\/\/thalhof.net\/index.php\/wp-json\/wp\/v2\/pages\/36\/revisions"}],"predecessor-version":[{"id":619,"href":"https:\/\/thalhof.net\/index.php\/wp-json\/wp\/v2\/pages\/36\/revisions\/619"}],"wp:attachment":[{"href":"https:\/\/thalhof.net\/index.php\/wp-json\/wp\/v2\/media?parent=36"}],"curies":[{"name":"wp","href":"https:\/\/api.w.org\/{rel}","templated":true}]}}