{"id":34,"date":"2020-03-04T13:12:55","date_gmt":"2020-03-04T12:12:55","guid":{"rendered":"http:\/\/test.thalhof.net\/?page_id=34"},"modified":"2026-04-10T07:22:12","modified_gmt":"2026-04-10T06:22:12","slug":"abgabestellen","status":"publish","type":"page","link":"https:\/\/thalhof.net\/index.php\/abgabestellen\/","title":{"rendered":"Abgabestellen"},"content":{"rendered":"\n<p><strong><mark style=\"background-color:rgba(0, 0, 0, 0)\" class=\"has-inline-color has-neve-link-hover-color-color\">Termine 2026<\/mark><\/strong><\/p>\n\n\n\n<p><mark style=\"background-color:rgba(0, 0, 0, 0)\" class=\"has-inline-color has-neve-link-color-color\"><strong>Wir bitten um Vorbestellung! Zur Abholung bitte eine Transportbox oder Karton mit Luftl\u00f6chern mitbringen.<\/strong><\/mark><\/p>\n\n\n\n<h2 class=\"wp-block-heading\">Gefl\u00fcgelhof Thalhof in Thalsdorf<\/h2>\n\n\n\n<p><br>Thalsdorf 6, <br>9314 Launsdorf<br>jeden <strong>DONNERSTAG<\/strong> von 10:00 bis 12:00 und 13:30 &#8211; 15:30 Uhr und <strong>FREITAG<\/strong> von 10:00 bis 12:00 Uhr<\/p>\n\n\n\n<p><\/p>\n\n\n\n<p><\/p>\n\n\n\n<h2 class=\"wp-block-heading\">Klagenfurt <\/h2>\n\n\n\n<p>Landwirtschaftliche Genossenschaft Klagenfurt<br>Schlachthofstra\u00dfe 17<br>9020 Klagenfurt<br>jeden 2ten <strong>FREITAG<\/strong> (gerade Woche), <strong>Mitte April bis Ende Juni w\u00f6chentlich<\/strong><\/p>\n\n\n\n<p><strong><mark style=\"background-color:rgba(0, 0, 0, 0)\" class=\"has-inline-color has-neve-link-hover-color-color\">17:00 &#8211; 18:00 Uhr<\/mark><\/strong> <mark style=\"background-color:rgba(0, 0, 0, 0);color:#f43109\" class=\"has-inline-color\">(ACHTUNG &#8211; heuer FREITAGS!)<\/mark><\/p>\n\n\n\n<p><em>Termine: <\/em>20.02, 06.03, 20.03, 03.04, 17.04., 24.04., 08.05., 15.05., 22.05., 29.05., 05.06., 12.06., 19.06., 26.06., 10.07., 24.07., 07.08., 21.08., 04.09., 18.09., 02.10., 16.10., 30.10. 13.11.<\/p>\n\n\n\n<p><\/p>\n\n\n\n<hr class=\"wp-block-separator has-alpha-channel-opacity is-style-wide\"\/>\n\n\n\n<h2 class=\"wp-block-heading\">St. Paul im Lavanttal<\/h2>\n\n\n\n<p>Raiffeisen Lagerhaus Lavanttal St. Paul<br>Bahnhofstra\u00dfe 17<br>9470 St. Paul im Lavanttal<br><strong>jeden 2ten MONTAG (ungerade Woche)<\/strong><\/p>\n\n\n\n<p><strong><mark style=\"background-color:rgba(0, 0, 0, 0)\" class=\"has-inline-color has-neve-link-hover-color-color\">10.30 &#8211; 11.30 Uhr<\/mark><\/strong> <mark style=\"background-color:rgba(0, 0, 0, 0);color:#f43109\" class=\"has-inline-color\">(ACHTUNG &#8211; neuer TAG und UHRZEIT)<\/mark><\/p>\n\n\n\n<p><em>Termine: 23.02., <\/em>09.03., 23.03., 30.03., 20.04., 04.05., 18.05., 01.06., 15.06., 29.06., 06.07., 27.07., 10.08., 24.08., 07.09., 21.09., 05.10., 19.10., 02.11., 16.11.<\/p>\n\n\n\n<hr class=\"wp-block-separator alignfull has-alpha-channel-opacity\"\/>\n\n\n\n<h2 class=\"wp-block-heading\">Feldkirchen<\/h2>\n\n\n\n<p>Lagerhaus Bau- und Gartenmarkt Feldkirchen<br>St. Veiterstra\u00dfe 4<br>9560 Feldkirchen<br><strong>jeden 2ten Freitag (gerade Woche)<\/strong><br><br><strong><mark style=\"background-color:rgba(0, 0, 0, 0)\" class=\"has-inline-color has-neve-link-hover-color-color\">13:00 &#8211; 14:15 Uhr<\/mark><\/strong> <mark style=\"background-color:rgba(0, 0, 0, 0);color:#f43109\" class=\"has-inline-color\">(ACHTUNG &#8211; neue UHRZEIT!)<\/mark><\/p>\n\n\n\n<p><strong>Mochoritsch Griffen Rast<\/strong>&nbsp;(bei Vorbestellung ) \u2013&nbsp;<strong>10:00&nbsp;<\/strong>Uhr <\/p>\n\n\n\n<p><em>Termine: <\/em>20.02., 06.03., 20.03., 03.04., 17.04., 01.05., 15.05., 29.05., 12.06., 26.06., 10.07., 24.07., 07.08., 21.08., 04.09., 18.09., 02.10., 16.10., 30.10., 13.11.<br><\/p>\n\n\n\n<hr class=\"wp-block-separator alignfull has-alpha-channel-opacity\"\/>\n\n\n\n<h2 class=\"wp-block-heading\">Villach<\/h2>\n\n\n\n<p>Am Parkplatz neben dem Lagerhaus Villach, Richtung Magdalen, erster Parkplatz linke Seite<br>jeden <strong>2ten Freitag (gerade Woche)<\/strong><br><br><strong><mark style=\"background-color:rgba(0, 0, 0, 0)\" class=\"has-inline-color has-neve-link-hover-color-color\">Freitags von 11:00 &#8211; 12:00 Uhr<\/mark><\/strong>  <mark style=\"background-color:rgba(0, 0, 0, 0);color:#f43109\" class=\"has-inline-color\">(ACHTUNG &#8211; neue UHRZEIT!)<\/mark><\/p>\n\n\n\n<p><em>Termine: <\/em>20.02., 06.03., 20.03., 03.04., 17.04., 01.05., 15.05., 29.05., 12.06., 26.06., 10.07., 24.07., 07.08., 21.08., 04.09., 18.09., 02.10., 16.10., 30.10., 13.11.<br><\/p>\n\n\n\n<figure class=\"wp-block-image size-large is-resized\"><img loading=\"lazy\" decoding=\"async\" width=\"1024\" height=\"605\" src=\"http:\/\/test.thalhof.net\/wp-content\/uploads\/2022\/03\/Villach_Lagerhaus-1024x605.jpg\" alt=\"\" class=\"wp-image-224\" srcset=\"https:\/\/thalhof.net\/wp-content\/uploads\/2022\/03\/Villach_Lagerhaus-1024x605.jpg 1024w, https:\/\/thalhof.net\/wp-content\/uploads\/2022\/03\/Villach_Lagerhaus-300x177.jpg 300w, https:\/\/thalhof.net\/wp-content\/uploads\/2022\/03\/Villach_Lagerhaus-768x454.jpg 768w, https:\/\/thalhof.net\/wp-content\/uploads\/2022\/03\/Villach_Lagerhaus.jpg 1297w\" sizes=\"auto, (max-width: 1024px) 100vw, 1024px\" \/><figcaption class=\"wp-element-caption\">Standort Abgabestelle: Kreisverkehr Richtung Magdalen, 1ster Parkplatz auf der linken Seite<\/figcaption><\/figure>\n\n\n\n<hr class=\"wp-block-separator alignfull has-alpha-channel-opacity\"\/>\n\n\n\n<h2 class=\"wp-block-heading\">Ferlach<\/h2>\n\n\n\n<p>Lagerhaus Bau- und Gartenmarkt Ferlach<br>Freibacher Stra\u00dfe 11, 9170 Ferlach<br>jeden zweiten Freitag (gerade Woche)<br><br><strong><mark style=\"background-color:rgba(0, 0, 0, 0)\" class=\"has-inline-color has-neve-link-hover-color-color\">9:00 &#8211; 9:30 Uhr<\/mark><\/strong>  <mark style=\"background-color:rgba(0, 0, 0, 0);color:#f43109\" class=\"has-inline-color\">(ACHTUNG &#8211; neue UHRZEIT!)<\/mark><\/p>\n\n\n\n<p><strong>St. Jakob im Rosental<\/strong> (bei Vorbestellung ) &#8211; <strong>10:00 <\/strong>Uhr Treffpunkt Parkplatz Langlaufzentrum<br><br><em>Termine: <\/em>20.02., 06.03., 20.03., 03.04., 17.04., 01.05., 15.05., 29.05., 12.06., 26.06., 10.07., 24.07., 07.08., 21.08., 04.09., 18.09., 02.10., 16.10., 30.10., 13.11.<\/p>\n\n\n\n<hr class=\"wp-block-separator alignfull has-alpha-channel-opacity\"\/>\n\n\n\n<h2 class=\"wp-block-heading\">Neumarkt \/Stmk.<\/h2>\n\n\n\n<p>Landforst Neumarkt<br>Schwimmbadstra\u00dfe 14, 8820 Neumarkt <br>(am hinteren Parkplatz, vis a vis Cafe Lesepark)<br>einmal im Monat am Montag<\/p>\n\n\n\n<p><strong><mark style=\"background-color:rgba(0, 0, 0, 0)\" class=\"has-inline-color has-neve-link-hover-color-color\">14:00 &#8211; 14:45 Uhr<\/mark><\/strong> <mark style=\"background-color:rgba(0, 0, 0, 0);color:#f43109\" class=\"has-inline-color\">(ACHTUNG &#8211; NEUE UHRZEIT)<\/mark><\/p>\n\n\n\n<p>Termine: MONTAG 09.03., 23.03., 20.4., 18.05., 15.06., 06.07.,10.8., 07.09., 05.10.<\/p>\n\n\n\n<hr class=\"wp-block-separator alignfull has-alpha-channel-opacity\"\/>\n\n\n\n<h2 class=\"wp-block-heading\">Rothenthurn \/Spittal<\/h2>\n\n\n\n<p>Strasser Agrarhandel, Rothenthurn 13, 9701 Spittal an der Drau<br>alle 14 Tage <strong>SAMSTAG (gerade Woche)<\/strong><\/p>\n\n\n\n<p><strong><mark style=\"background-color:rgba(0, 0, 0, 0)\" class=\"has-inline-color has-neve-link-hover-color-color\">14:00 &#8211; 14:30 Uhr<\/mark><\/strong> <mark style=\"background-color:rgba(0, 0, 0, 0);color:#f43109\" class=\"has-inline-color\">(ACHTUNG &#8211; neuer TAG und UHRZEIT)<\/mark><\/p>\n\n\n\n<p>Termine: 21.02., 07.03., 21.03., &#8211; MITTWOCH 01.04. -, 18.04.,  02.05., 16.05.,  30.05., 13.06., 27.06., 11.07., 25.07., 08.08., 22.08., 05.09., 19.09., 03.10., 17.10., 31.10.<\/p>\n\n\n\n<hr class=\"wp-block-separator alignfull has-alpha-channel-opacity\"\/>\n\n\n\n<h2 class=\"wp-block-heading\">Gm\u00fcnd in K\u00e4rnten<\/h2>\n\n\n\n<p>Unser Lagerhaus Gm\u00fcnd<br>Untere Vorstadt 35, 9853 Gm\u00fcnd<br>(auf dem Gel\u00e4nde des Viehmarktes)<br><strong>SAMSTAG alle 14 Tage <\/strong><br><br><strong><mark style=\"background-color:rgba(0, 0, 0, 0)\" class=\"has-inline-color has-neve-link-hover-color-color\">12:30 bis 13:30 Uhr<\/mark><\/strong> <mark style=\"background-color:rgba(0, 0, 0, 0);color:#f43109\" class=\"has-inline-color\">(ACHTUNG &#8211; neuer TAG und UHRZEIT)<\/mark><br><br><em>Termine: <\/em>21.02., 07.03., 21.03., &#8211; MITTWOCH 01.04. -, 18.04.,  02.05., 16.05.,  30.05., 13.06., 27.06., 11.07., 25.07., 08.08., 22.08., 05.09., 19.09., 03.10., 17.10., 31.10., 14.11<\/p>\n\n\n\n<hr class=\"wp-block-separator alignfull has-alpha-channel-opacity\"\/>\n\n\n\n<h2 class=\"wp-block-heading\">Pusarnitz (Lurnfeld)<\/h2>\n\n\n\n<p>Lagerhaus Tankstelle Pusarnitz<br>Gewerbepark Mitterbreiten, 9812 Pusarnitz<br>(hinter der Tankstelle bei den Waschpl\u00e4tzen)<br><strong>Donnerstag <\/strong>alle 14 Tage (gerade Woche) (Mai und Juni jede Woche) um <br><br><strong><mark style=\"background-color:rgba(0, 0, 0, 0)\" class=\"has-inline-color has-neve-link-hover-color-color\">9:00 &#8211; 9:45 Uhr<\/mark><\/strong> <\/p>\n\n\n\n<p><strong>Drautal weiters:<\/strong><\/p>\n\n\n\n<p><strong>Kleblach<\/strong> (bei Vorbestellung ) &#8211; <strong>10:15 <\/strong>Uhr Treffpunkt Tischlerei Rauter<\/p>\n\n\n\n<p><strong>Dellach im Drautal<\/strong> (bei Vorbestellung ) &#8211; <strong>10:40 <\/strong>Uhr Treffpunkt Feuerwehrhaus<\/p>\n\n\n\n<p><strong>Irschen<\/strong> (bei Vorbestellung ) &#8211; <strong>10:50 <\/strong>Uhr Treffpunkt Parkplatz G\u00f6felhof<\/p>\n\n\n\n<p><strong>Oberdrauburg<\/strong> (bei Vorbestellung ) &#8211; <strong>11:00 <\/strong>Uhr Treffpunkt M Preis<\/p>\n\n\n\n<p>Termine: 19.02., 05.03., 19.03., 02.04., 16.04., 23.04., 30.04., 07.05., Mi 13.05., 21.05., 28.05., Mi 03.06., 11.06., 18.06., 25.06., 09.07., 23.07., 06.08., 20.08., 03.09., 17.09., 01.10., 15.10., 29.10., 12.11.<br><\/p>\n\n\n\n<hr class=\"wp-block-separator alignfull has-alpha-channel-opacity\"\/>\n\n\n\n<h2 class=\"wp-block-heading\">Hermagor <\/h2>\n\n\n\n<p>Lagerhaus Hermagor<br>B\u00fcrgerfeldstra\u00dfe, 9620 Hermagor<br>jeden zweiten <strong>SAMSTAG <\/strong>(gerade Woche)<br><br><strong><mark style=\"background-color:rgba(0, 0, 0, 0)\" class=\"has-inline-color has-neve-link-hover-color-color\">09:45 &#8211; 10:30 Uhr<\/mark><\/strong> <mark style=\"background-color:rgba(0, 0, 0, 0);color:#f43109\" class=\"has-inline-color\">(ACHTUNG &#8211; neuer TAG und UHRZEIT)<\/mark><br><\/p>\n\n\n\n<p><strong>N\u00f6tsch<\/strong> &nbsp;(bei Vorbestellung ) \u2013&nbsp;<strong>09:00&nbsp;<\/strong>Uhr Treffpunkt Parkplatz gegen\u00fcber vom Spar<\/p>\n\n\n\n<p><br><em>Termine: <\/em>21.02., 07.03., 21.03., &#8211; MITTWOCH 01.04. -, 18.04., 02.05., 16.05., 30.05., 13.06., 27.06., 11.07., 25.07., 08.08., 22.08., 05.09., 19.09., 03.10., 17.10., 31.10., 14.11.<\/p>\n\n\n\n<hr class=\"wp-block-separator alignfull has-alpha-channel-opacity\"\/>\n\n\n\n<h2 class=\"wp-block-heading\">M\u00f6lltal<\/h2>\n\n\n\n<p>Wir beliefern regelm\u00e4\u00dfig das M\u00f6lltal. Hier haben wir in den gr\u00f6\u00dferen<br>Orten bei Bedarf Abgabestellen. Bitte rufen Sie uns an oder schreiben uns ein e-mail (<a href=\"http:\/\/test.thalhof.net\/index.php\/kontakt\/\" data-type=\"page\" data-id=\"36\">Kontakt<\/a>). Sollte kein Termin passen, haben Sie auch die M\u00f6glichkeit 14 t\u00e4gig in Pusarnitz oder im RGO Bau- und Gartenmarkt Lienz die H\u00fchner abzuholen.<\/p>\n\n\n\n<p><strong>Winklern<\/strong>&nbsp;(bei Vorbestellung ) \u2013&nbsp;<strong>16:00&nbsp;<\/strong>Uhr Treffpunkt Lagerhaus<\/p>\n\n\n\n<p><strong>Flattach<\/strong>&nbsp;(bei Vorbestellung ) \u2013&nbsp;<strong>16:45&nbsp;<\/strong>Uhr Treffpunkt Tourismusb\u00fcro Info Flattach<\/p>\n\n\n\n<p><strong>Obervellach<\/strong> (bei Vorbestellung ) \u2013&nbsp;<strong>17:00&nbsp;<\/strong>Uhr Treffpunkt Lagerhaus<\/p>\n\n\n\n<p><em>Termine: 05.03., 02.04., 07.05., 21.5., Mi 03.06., 18.06., 09.07., 06.08., 03.09., 01.10., 29.10.<\/em><\/p>\n\n\n\n<hr class=\"wp-block-separator alignfull has-alpha-channel-opacity\"\/>\n\n\n\n<div class=\"wp-block-group\"><div class=\"wp-block-group__inner-container is-layout-constrained wp-block-group-is-layout-constrained\">\n<h2 class=\"wp-block-heading\">RGO Bau- und Gartenmarkt Lienz<\/h2>\n\n\n\n<p>F.W. Raiffeisenstra\u00dfe 2, 9900 Lienz<br>jeden 2ten<strong>Donnerstag<\/strong> (gerade Woche), Mai und Juni jede Woche<\/p>\n\n\n\n<p><mark style=\"background-color:rgba(0, 0, 0, 0)\" class=\"has-inline-color has-neve-link-hover-color-color\"><strong>11:30 &#8211; 13:20 Uhr<\/strong><\/mark> <br>Termine: 19.02., 05.03., 19.03., 02.04., 16.04., 23.04., 30.04., 07.05., Mi 13.05., 21.05., 28.05., Mi 03.06., 11.06., 18.06., 25.06., 09.07., 23.07., 06.08., 20.08., 03.09., 17.09., 01.10., 15.10., 29.10., 12.11.<\/p>\n<\/div><\/div>\n\n\n\n<hr class=\"wp-block-separator alignfull has-alpha-channel-opacity\"\/>\n\n\n\n<h2 class=\"wp-block-heading\">RGO Bau- und Gartenmarkt Matrei<\/h2>\n\n\n\n<p>Seblas 20 , 9920 Matrei<br><br><strong>Donnerstags von<\/strong> <strong><mark style=\"background-color:rgba(0, 0, 0, 0)\" class=\"has-inline-color has-neve-link-hover-color-color\">14:00 bis 14:30 Uhr<\/mark><\/strong><\/p>\n\n\n\n<p><em>Termine: <em><em>05.03., 02.04., 07.05., Mi 03.06., 09.07., 06.08., 03.09., 01.10., 29.10.<\/em><\/em><\/em><\/p>\n\n\n\n<hr class=\"wp-block-separator alignfull has-alpha-channel-opacity\"\/>\n\n\n\n<h2 class=\"wp-block-heading\">RGO Bau- und Gartenmarkt Sillian<\/h2>\n\n\n\n<p>Bahnhofstra\u00dfe 153, 9971 Sillian<br><br><strong>Donnerstags <\/strong><mark style=\"background-color:rgba(0, 0, 0, 0)\" class=\"has-inline-color has-neve-link-hover-color-color\"><strong>von 14:00 bis 14:<\/strong><\/mark><strong><mark style=\"background-color:rgba(0, 0, 0, 0)\" class=\"has-inline-color has-neve-link-hover-color-color\">30Uhr<\/mark><\/strong><\/p>\n\n\n\n<p><em>Termine: <\/em>19.02., 19.03., 16.04., 13.05., 11.06., 25.06., 23.07., 20.08., 17.09., 15.10.<\/p>\n\n\n\n<hr class=\"wp-block-separator alignfull has-alpha-channel-opacity\"\/>\n\n\n\n<h2 class=\"wp-block-heading\">Bleiburg und Eberndorf<\/h2>\n\n\n\n<p>Bitte bestellen Sie die gew\u00fcnschten H\u00fchner in den Zadruga M\u00e4rkten vor. Wir stellen die bestellten H\u00fchner dann entsprechend zu. N\u00e4here Informationen bekommen Sie in den Zadruga M\u00e4rkten Bleiburg, und Eberndorf.<\/p>\n\n\n\n<hr class=\"wp-block-separator alignfull has-alpha-channel-opacity\"\/>\n\n\n\n<h2 class=\"wp-block-heading\">Radenthein<\/h2>\n\n\n\n<p>Lagerhaus Radenthein<br>Millst\u00e4tterstra\u00dfe 10, 9545 Radenthein<\/p>\n\n\n\n<p><strong>jeden 2ten SAMSTAG (gerade Woche)<\/strong><\/p>\n\n\n\n<p><strong><mark style=\"background-color:rgba(0, 0, 0, 0)\" class=\"has-inline-color has-neve-link-hover-color-color\">von 15:00 &#8211; 15:30 Uhr<\/mark><\/strong> <mark style=\"background-color:rgba(0, 0, 0, 0);color:#f43109\" class=\"has-inline-color\">(ACHTUNG &#8211; neuer TAG und UHRZEIT)<\/mark><\/p>\n\n\n\n<p><em>Termine: <\/em>21.02., 07.03., 21.03., &#8211; MITTWOCH 01.04. -, 18.04.,  02.05., 16.05.,  30.05., 13.06., 27.06., 11.07., 25.07., 08.08., 22.08., 05.09., 19.09., 03.10., 17.10., 31.10., 14.11.<\/p>\n\n\n\n<hr class=\"wp-block-separator alignfull has-alpha-channel-opacity\"\/>\n\n\n\n<h2 class=\"wp-block-heading\">Greifenburg<\/h2>\n\n\n\n<p>Lagerhaus Greifenburg<br>Bahnhofstra\u00dfe, 9761 Greifenburg<\/p>\n\n\n\n<p><strong>jeden 2tenSAMSTAG (gerade Woche)<\/strong><\/p>\n\n\n\n<p><strong><mark style=\"background-color:rgba(0, 0, 0, 0)\" class=\"has-inline-color has-neve-link-hover-color-color\">von 11:15 &#8211; 11:30 Uhr<\/mark><\/strong> <mark style=\"background-color:rgba(0, 0, 0, 0);color:#f43109\" class=\"has-inline-color\">(ACHTUNG &#8211; neuer TAG und UHRZEIT)<\/mark><\/p>\n\n\n\n<p><em><em>Termine: <\/em>21.02., 07.03., 21.03., &#8211; MITTWOCH 01.04. -, 18.04.,  02.05., 16.05.,  30.05., 13.06., 27.06., 11.07., 25.07., 08.08., 22.08., 05.09., 19.09., 03.10., 17.10., 31.10., 14.11.<\/em><\/p>\n\n\n\n<hr class=\"wp-block-separator alignfull has-alpha-channel-opacity\"\/>\n\n\n\n<h2 class=\"wp-block-heading\">Lesachtal<\/h2>\n\n\n\n<p>Wir beliefern regelm\u00e4\u00dfig das Lesachtal. Hier haben wir in den gr\u00f6\u00dferen Orten bei Bedarf Abgabestellen. Bitte rufen Sie uns an oder schreiben uns ein e-mail (<a href=\"http:\/\/test.thalhof.net\/index.php\/kontakt\/\" data-type=\"page\" data-id=\"36\">Kontakt<\/a>). Sollte kein Termin passen, haben Sie auch die M\u00f6glichkeit 14 t\u00e4gig in Hermagor oder im RGO Bau- und Gartenmarkt Lienz bzw Sillian die H\u00fchner abzuholen.<\/p>\n\n\n\n<p><em>Termine:  19.03., 16.04., MI13.05., 11.06., 25.06., 23.07., 20.08., 17.09., 15.10.<\/em><\/p>\n\n\n\n<p><\/p>\n\n\n\n<p><\/p>\n\n\n\n<p><br><\/p>\n","protected":false},"excerpt":{"rendered":"<p>Termine 2026 Wir bitten um Vorbestellung! Zur Abholung bitte eine Transportbox oder Karton mit Luftl\u00f6chern mitbringen. Gefl\u00fcgelhof Thalhof in Thalsdorf Thalsdorf 6, 9314 Launsdorfjeden DONNERSTAG von 10:00 bis 12:00 und 13:30 &#8211; 15:30 Uhr und FREITAG von 10:00 bis 12:00 Uhr Klagenfurt Landwirtschaftliche Genossenschaft KlagenfurtSchlachthofstra\u00dfe 179020 Klagenfurtjeden 2ten FREITAG (gerade Woche), Mitte April bis Ende&hellip;&nbsp;<a href=\"https:\/\/thalhof.net\/index.php\/abgabestellen\/\" class=\"\" rel=\"bookmark\">Weiterlesen &raquo;<span class=\"screen-reader-text\">Abgabestellen<\/span><\/a><\/p>\n","protected":false},"author":1,"featured_media":0,"parent":0,"menu_order":4,"comment_status":"closed","ping_status":"closed","template":"","meta":{"footnotes":""},"class_list":["post-34","page","type-page","status-publish","hentry"],"jetpack_sharing_enabled":true,"_links":{"self":[{"href":"https:\/\/thalhof.net\/index.php\/wp-json\/wp\/v2\/pages\/34","targetHints":{"allow":["GET"]}}],"collection":[{"href":"https:\/\/thalhof.net\/index.php\/wp-json\/wp\/v2\/pages"}],"about":[{"href":"https:\/\/thalhof.net\/index.php\/wp-json\/wp\/v2\/types\/page"}],"author":[{"embeddable":true,"href":"https:\/\/thalhof.net\/index.php\/wp-json\/wp\/v2\/users\/1"}],"replies":[{"embeddable":true,"href":"https:\/\/thalhof.net\/index.php\/wp-json\/wp\/v2\/comments?post=34"}],"version-history":[{"count":103,"href":"https:\/\/thalhof.net\/index.php\/wp-json\/wp\/v2\/pages\/34\/revisions"}],"predecessor-version":[{"id":652,"href":"https:\/\/thalhof.net\/index.php\/wp-json\/wp\/v2\/pages\/34\/revisions\/652"}],"wp:attachment":[{"href":"https:\/\/thalhof.net\/index.php\/wp-json\/wp\/v2\/media?parent=34"}],"curies":[{"name":"wp","href":"https:\/\/api.w.org\/{rel}","templated":true}]}}