{"id":32,"date":"2020-03-04T13:12:18","date_gmt":"2020-03-04T12:12:18","guid":{"rendered":"http:\/\/test.thalhof.net\/?page_id=32"},"modified":"2024-02-25T10:46:55","modified_gmt":"2024-02-25T09:46:55","slug":"haltung","status":"publish","type":"page","link":"https:\/\/thalhof.net\/index.php\/haltung\/","title":{"rendered":"Haltung"},"content":{"rendered":"\n<p>Mit dem Kauf unseres Gefl\u00fcgel gelangen wertvolle Tiere in Ihren Besitz. Die Tiere kommen aus ihrer gewohnten Umgebung in einen vollkommen neuen Stall, was im ersten Moment Stress f\u00fcr sie bedeutet. In dieser Umgew\u00f6hnungsphase muss sich das Gefl\u00fcgel erst mit den ge\u00e4nderten Umwelteinfl\u00fcsse vertraut machen. Um den H\u00fchnern den Start und Ihnen ein gemeinsames Leben zu erleichtern, haben wir f\u00fcr Sie mehrere Leitf\u00e4den geschrieben. <\/p>\n\n\n\n<p>Wir w\u00fcnschen Ihnen viel Freude und Erfolg bei der Haltung! <\/p>\n\n\n\n<h2 class=\"wp-block-heading\">Legehennen<\/h2>\n\n\n\n<div class=\"wp-block-file\"><a id=\"wp-block-file--media-7817f31b-b1fb-42b3-8eb5-5cf7eeb235ac\" href=\"https:\/\/thalhof.net\/wp-content\/uploads\/2022\/03\/Legehennenhaltung.pdf\">Legehennenhaltung<\/a><a href=\"https:\/\/thalhof.net\/wp-content\/uploads\/2022\/03\/Legehennenhaltung.pdf\" class=\"wp-block-file__button wp-element-button\" download aria-describedby=\"wp-block-file--media-7817f31b-b1fb-42b3-8eb5-5cf7eeb235ac\">Herunterladen<\/a><\/div>\n\n\n\n<h2 class=\"wp-block-heading\">Masth\u00fchner<\/h2>\n\n\n\n<div class=\"wp-block-file\"><a id=\"wp-block-file--media-8d3254df-afae-48a0-871e-3841283b6acc\" href=\"https:\/\/thalhof.net\/wp-content\/uploads\/2022\/03\/Masthuehnerhaltung.pdf\">Masthuehnerhaltung<\/a><a href=\"https:\/\/thalhof.net\/wp-content\/uploads\/2022\/03\/Masthuehnerhaltung.pdf\" class=\"wp-block-file__button wp-element-button\" download aria-describedby=\"wp-block-file--media-8d3254df-afae-48a0-871e-3841283b6acc\">Herunterladen<\/a><\/div>\n\n\n\n<h2 class=\"wp-block-heading\">Junghennenaufzucht<\/h2>\n\n\n\n<div class=\"wp-block-file\"><a id=\"wp-block-file--media-50746675-34b7-481c-bae8-f48a88d7a6a4\" href=\"https:\/\/thalhof.net\/wp-content\/uploads\/2022\/03\/Junghennenaufzucht.pdf\">Junghennenaufzucht<\/a><a href=\"https:\/\/thalhof.net\/wp-content\/uploads\/2022\/03\/Junghennenaufzucht.pdf\" class=\"wp-block-file__button wp-element-button\" download aria-describedby=\"wp-block-file--media-50746675-34b7-481c-bae8-f48a88d7a6a4\">Herunterladen<\/a><\/div>\n\n\n\n<h2 class=\"wp-block-heading\">Putenmast<\/h2>\n\n\n\n<div class=\"wp-block-file\"><a id=\"wp-block-file--media-2fda0811-b43d-4e31-beb5-16725d55ebc6\" href=\"https:\/\/thalhof.net\/wp-content\/uploads\/2022\/03\/Putenhaltung.pdf\">Putenhaltung<\/a><a href=\"https:\/\/thalhof.net\/wp-content\/uploads\/2022\/03\/Putenhaltung.pdf\" class=\"wp-block-file__button wp-element-button\" download aria-describedby=\"wp-block-file--media-2fda0811-b43d-4e31-beb5-16725d55ebc6\">Herunterladen<\/a><\/div>\n\n\n\n<h2 class=\"wp-block-heading\">G\u00e4nsehaltung<\/h2>\n\n\n\n<div class=\"wp-block-file\"><a id=\"wp-block-file--media-e92a9ec4-28af-4332-958f-100925e10ec3\" href=\"https:\/\/thalhof.net\/wp-content\/uploads\/2022\/03\/Gaensehaltung.pdf\">G\u00e4nsehaltung<\/a><a href=\"https:\/\/thalhof.net\/wp-content\/uploads\/2022\/03\/Gaensehaltung.pdf\" class=\"wp-block-file__button wp-element-button\" download aria-describedby=\"wp-block-file--media-e92a9ec4-28af-4332-958f-100925e10ec3\">Herunterladen<\/a><\/div>\n\n\n\n<h2 class=\"wp-block-heading\">Entenhaltung<\/h2>\n\n\n\n<div class=\"wp-block-file\"><a id=\"wp-block-file--media-12649d56-4769-400f-a897-7f84694955b1\" href=\"https:\/\/thalhof.net\/wp-content\/uploads\/2022\/03\/Entenhaltung.pdf\">Entenhaltung<\/a><a href=\"https:\/\/thalhof.net\/wp-content\/uploads\/2022\/03\/Entenhaltung.pdf\" class=\"wp-block-file__button wp-element-button\" download aria-describedby=\"wp-block-file--media-12649d56-4769-400f-a897-7f84694955b1\">Herunterladen<\/a><\/div>\n\n\n\n<h2 class=\"wp-block-heading\">Wachteln<\/h2>\n\n\n\n<div class=\"wp-block-file\"><a id=\"wp-block-file--media-97de7789-bd0d-4128-b952-e989a30741d2\" href=\"https:\/\/thalhof.net\/wp-content\/uploads\/2022\/03\/Wachtelhaltung.pdf\">Wachtelhaltung<\/a><a href=\"https:\/\/thalhof.net\/wp-content\/uploads\/2022\/03\/Wachtelhaltung.pdf\" class=\"wp-block-file__button wp-element-button\" download aria-describedby=\"wp-block-file--media-97de7789-bd0d-4128-b952-e989a30741d2\">Herunterladen<\/a><\/div>\n\n\n\n<h2 class=\"wp-block-heading\">Milben<\/h2>\n\n\n\n<div class=\"wp-block-file\"><a id=\"wp-block-file--media-c90a5efa-bd4d-4c4f-814f-5a00b69f1020\" href=\"https:\/\/thalhof.net\/wp-content\/uploads\/2022\/03\/Milben-1.pdf\">Milben<\/a><a href=\"https:\/\/thalhof.net\/wp-content\/uploads\/2022\/03\/Milben-1.pdf\" class=\"wp-block-file__button wp-element-button\" download aria-describedby=\"wp-block-file--media-c90a5efa-bd4d-4c4f-814f-5a00b69f1020\">Herunterladen<\/a><\/div>\n\n\n\n<h2 class=\"wp-block-heading\">W\u00fcrmer<\/h2>\n\n\n\n<div class=\"wp-block-file\"><a id=\"wp-block-file--media-7338c864-6b00-4d00-b57c-2307c0e2bbc0\" href=\"https:\/\/thalhof.net\/wp-content\/uploads\/2022\/03\/Wuermer.pdf\">W\u00fcrmer<\/a><a href=\"https:\/\/thalhof.net\/wp-content\/uploads\/2022\/03\/Wuermer.pdf\" class=\"wp-block-file__button wp-element-button\" download aria-describedby=\"wp-block-file--media-7338c864-6b00-4d00-b57c-2307c0e2bbc0\">Herunterladen<\/a><\/div>\n\n\n\n<h2 class=\"wp-block-heading\">F\u00fctterungsgrundlagen<\/h2>\n\n\n\n<div class=\"wp-block-file\"><a id=\"wp-block-file--media-c050bfb9-60b4-446d-823a-ebf16ed4af0e\" href=\"https:\/\/thalhof.net\/wp-content\/uploads\/2022\/03\/Fuetterung.pdf\">Fuetterung<\/a><a href=\"https:\/\/thalhof.net\/wp-content\/uploads\/2022\/03\/Fuetterung.pdf\" class=\"wp-block-file__button wp-element-button\" download aria-describedby=\"wp-block-file--media-c050bfb9-60b4-446d-823a-ebf16ed4af0e\">Herunterladen<\/a><\/div>\n\n\n\n<h2 class=\"wp-block-heading\">Kr\u00e4uter in der Gefl\u00fcgelhaltung<\/h2>\n\n\n\n<div class=\"wp-block-file\"><a id=\"wp-block-file--media-f821d66e-8874-4593-b695-a5df9281c743\" href=\"https:\/\/thalhof.net\/wp-content\/uploads\/2022\/03\/Kraeuter.pdf\">Kr\u00e4uter<\/a><a href=\"https:\/\/thalhof.net\/wp-content\/uploads\/2022\/03\/Kraeuter.pdf\" class=\"wp-block-file__button wp-element-button\" download aria-describedby=\"wp-block-file--media-f821d66e-8874-4593-b695-a5df9281c743\">Herunterladen<\/a><\/div>\n","protected":false},"excerpt":{"rendered":"<p>Mit dem Kauf unseres Gefl\u00fcgel gelangen wertvolle Tiere in Ihren Besitz. Die Tiere kommen aus ihrer gewohnten Umgebung in einen vollkommen neuen Stall, was im ersten Moment Stress f\u00fcr sie bedeutet. In dieser Umgew\u00f6hnungsphase muss sich das Gefl\u00fcgel erst mit den ge\u00e4nderten Umwelteinfl\u00fcsse vertraut machen. Um den H\u00fchnern den Start und Ihnen ein gemeinsames Leben&hellip;&nbsp;<a href=\"https:\/\/thalhof.net\/index.php\/haltung\/\" class=\"\" rel=\"bookmark\">Weiterlesen &raquo;<span class=\"screen-reader-text\">Haltung<\/span><\/a><\/p>\n","protected":false},"author":1,"featured_media":0,"parent":0,"menu_order":5,"comment_status":"closed","ping_status":"closed","template":"","meta":{"footnotes":""},"class_list":["post-32","page","type-page","status-publish","hentry"],"jetpack_sharing_enabled":true,"_links":{"self":[{"href":"https:\/\/thalhof.net\/index.php\/wp-json\/wp\/v2\/pages\/32","targetHints":{"allow":["GET"]}}],"collection":[{"href":"https:\/\/thalhof.net\/index.php\/wp-json\/wp\/v2\/pages"}],"about":[{"href":"https:\/\/thalhof.net\/index.php\/wp-json\/wp\/v2\/types\/page"}],"author":[{"embeddable":true,"href":"https:\/\/thalhof.net\/index.php\/wp-json\/wp\/v2\/users\/1"}],"replies":[{"embeddable":true,"href":"https:\/\/thalhof.net\/index.php\/wp-json\/wp\/v2\/comments?post=32"}],"version-history":[{"count":13,"href":"https:\/\/thalhof.net\/index.php\/wp-json\/wp\/v2\/pages\/32\/revisions"}],"predecessor-version":[{"id":438,"href":"https:\/\/thalhof.net\/index.php\/wp-json\/wp\/v2\/pages\/32\/revisions\/438"}],"wp:attachment":[{"href":"https:\/\/thalhof.net\/index.php\/wp-json\/wp\/v2\/media?parent=32"}],"curies":[{"name":"wp","href":"https:\/\/api.w.org\/{rel}","templated":true}]}}