{"id":30,"date":"2020-03-04T13:11:14","date_gmt":"2020-03-04T12:11:14","guid":{"rendered":"http:\/\/test.thalhof.net\/?page_id=30"},"modified":"2022-03-08T09:00:31","modified_gmt":"2022-03-08T08:00:31","slug":"unser-hof","status":"publish","type":"page","link":"https:\/\/thalhof.net\/index.php\/unser-hof\/","title":{"rendered":"Unser Hof"},"content":{"rendered":"\n<p>Wir sind ein b\u00e4uerlicher Gefl\u00fcgelhof, der sich seit 1928 und in der 4ten Generation mit Gefl\u00fcgel besch\u00e4ftigt. Als Meisterbetrieb der Gefl\u00fcgelwirtschaft versuchen wir unseren Kunden ein leistungsstarkes, vielf\u00e4ltiges Programm von besonderen Tieren anzubieten. Unsere St\u00e4rke ist die gro\u00dfe Erfahrung, unser Service und die Vielfalt unseres Sortiments. Wir sind sehr stolz, dass wir in K\u00e4rnten und Osttirol der f\u00fchrende Gefl\u00fcgelhof f\u00fcr Lebendgefl\u00fcgel f\u00fcr die Private und Kleinb\u00e4uerliche Haltung geworden sind. <\/p>\n\n\n\n<p>Ihr Adrian Reichhold<br>Gefl\u00fcgelmeister<\/p>\n","protected":false},"excerpt":{"rendered":"<p>Wir sind ein b\u00e4uerlicher Gefl\u00fcgelhof, der sich seit 1928 und in der 4ten Generation mit Gefl\u00fcgel besch\u00e4ftigt. Als Meisterbetrieb der Gefl\u00fcgelwirtschaft versuchen wir unseren Kunden ein leistungsstarkes, vielf\u00e4ltiges Programm von besonderen Tieren anzubieten. Unsere St\u00e4rke ist die gro\u00dfe Erfahrung, unser Service und die Vielfalt unseres Sortiments. Wir sind sehr stolz, dass wir in K\u00e4rnten und&hellip;&nbsp;<a href=\"https:\/\/thalhof.net\/index.php\/unser-hof\/\" class=\"\" rel=\"bookmark\">Weiterlesen &raquo;<span class=\"screen-reader-text\">Unser Hof<\/span><\/a><\/p>\n","protected":false},"author":1,"featured_media":0,"parent":0,"menu_order":2,"comment_status":"closed","ping_status":"closed","template":"","meta":{"footnotes":""},"class_list":["post-30","page","type-page","status-publish","hentry"],"jetpack_sharing_enabled":true,"_links":{"self":[{"href":"https:\/\/thalhof.net\/index.php\/wp-json\/wp\/v2\/pages\/30","targetHints":{"allow":["GET"]}}],"collection":[{"href":"https:\/\/thalhof.net\/index.php\/wp-json\/wp\/v2\/pages"}],"about":[{"href":"https:\/\/thalhof.net\/index.php\/wp-json\/wp\/v2\/types\/page"}],"author":[{"embeddable":true,"href":"https:\/\/thalhof.net\/index.php\/wp-json\/wp\/v2\/users\/1"}],"replies":[{"embeddable":true,"href":"https:\/\/thalhof.net\/index.php\/wp-json\/wp\/v2\/comments?post=30"}],"version-history":[{"count":2,"href":"https:\/\/thalhof.net\/index.php\/wp-json\/wp\/v2\/pages\/30\/revisions"}],"predecessor-version":[{"id":186,"href":"https:\/\/thalhof.net\/index.php\/wp-json\/wp\/v2\/pages\/30\/revisions\/186"}],"wp:attachment":[{"href":"https:\/\/thalhof.net\/index.php\/wp-json\/wp\/v2\/media?parent=30"}],"curies":[{"name":"wp","href":"https:\/\/api.w.org\/{rel}","templated":true}]}}