{"id":3,"date":"2020-03-04T11:27:46","date_gmt":"2020-03-04T11:27:46","guid":{"rendered":"http:\/\/test.thalhof.net\/?page_id=3"},"modified":"2022-04-03T08:47:14","modified_gmt":"2022-04-03T07:47:14","slug":"privacy-policy","status":"publish","type":"page","link":"https:\/\/thalhof.net\/index.php\/privacy-policy\/","title":{"rendered":"Impressum"},"content":{"rendered":"\n<h2 class=\"wp-block-heading\">Seiteninhaber<\/h2>\n\n\n\n<p>ANNI B\u00e4uerliche Vermarktungs- und Gefl\u00fcgel GmbH<br>Thalsdorf 6, 9314 Launsdorf<br>Unternehmensgegenstand: Vermarktung von b\u00e4uerlichen Produkten und Gefl\u00fcgel<br>Gesch\u00e4ftsf\u00fchrer: DI Karl Adrian Reichhold<\/p>\n\n\n\n<p>UID: ATU70071806<br>Firmenbuch Nummer: FN 443870 a<br>Gerichtsstand: St. Veit an der Glan<\/p>\n\n\n\n<p>Telefonkontakt 0043 4213 2047<br>office@thalhof.net<\/p>\n\n\n\n<p>Mitglied bei der WK\u00d6<\/p>\n\n\n\n<h2 class=\"wp-block-heading\">Datenschutz<\/h2>\n\n\n\n<h4 class=\"wp-block-heading\"><\/h4>\n\n\n\n<h2 class=\"wp-block-heading\">Zul\u00e4ssige Nutzung der Website<\/h2>\n\n\n\n<p>Die Nutzung unserer Website und der angebotenen Downloads ist nur f\u00fcr den privaten nicht-kommerziellen Gebrauch gestattet. Jede Verwendung, Vervielf\u00e4ltigung, Speicherung, Verbreitung und Ver\u00f6ffentlichung  der Inhalte und Daten f\u00fcr andere Zwecke als der pers\u00f6nlichen, nicht kommerziellen Information erfordert die Erlaubnis der ANNI B\u00e4uerlichen Vermarktungs- und Gefl\u00fcgel GmbH. <\/p>\n\n\n\n<h2 class=\"wp-block-heading\">Gew\u00e4hrleistung und Haftung<\/h2>\n\n\n\n<p>Wir \u00fcbernehmen keine Gew\u00e4hr f\u00fcr die Aktualit\u00e4t, Richtigkeit und Vollst\u00e4ndigkeit der auf der Website enthaltenen Informationen.  Bei den auf dieser Website pr\u00e4sentierten Produkte, Daten und Termine k\u00f6nnen sich zwischenzeitig \u00c4nderungen ergeben haben. Fotos unserer Produkte k\u00f6nnen von den tats\u00e4chlichen Produkten abweichen.  Die Nutzung von den zur Verf\u00fcgung gestellten Dateien erfolgt auf eigene Gefahr. Jegliche Haftung durch die Verwendung entstandenen Sch\u00e4den wird ausgeschlossen. <\/p>\n\n\n\n<p><\/p>\n","protected":false},"excerpt":{"rendered":"<p>Seiteninhaber ANNI B\u00e4uerliche Vermarktungs- und Gefl\u00fcgel GmbHThalsdorf 6, 9314 LaunsdorfUnternehmensgegenstand: Vermarktung von b\u00e4uerlichen Produkten und Gefl\u00fcgelGesch\u00e4ftsf\u00fchrer: DI Karl Adrian Reichhold UID: ATU70071806Firmenbuch Nummer: FN 443870 aGerichtsstand: St. Veit an der Glan Telefonkontakt 0043 4213 2047office@thalhof.net Mitglied bei der WK\u00d6 Datenschutz Zul\u00e4ssige Nutzung der Website Die Nutzung unserer Website und der angebotenen Downloads ist nur f\u00fcr&hellip;&nbsp;<a href=\"https:\/\/thalhof.net\/index.php\/privacy-policy\/\" class=\"\" rel=\"bookmark\">Weiterlesen &raquo;<span class=\"screen-reader-text\">Impressum<\/span><\/a><\/p>\n","protected":false},"author":1,"featured_media":0,"parent":0,"menu_order":0,"comment_status":"closed","ping_status":"open","template":"","meta":{"footnotes":""},"class_list":["post-3","page","type-page","status-publish","hentry"],"jetpack_sharing_enabled":true,"_links":{"self":[{"href":"https:\/\/thalhof.net\/index.php\/wp-json\/wp\/v2\/pages\/3","targetHints":{"allow":["GET"]}}],"collection":[{"href":"https:\/\/thalhof.net\/index.php\/wp-json\/wp\/v2\/pages"}],"about":[{"href":"https:\/\/thalhof.net\/index.php\/wp-json\/wp\/v2\/types\/page"}],"author":[{"embeddable":true,"href":"https:\/\/thalhof.net\/index.php\/wp-json\/wp\/v2\/users\/1"}],"replies":[{"embeddable":true,"href":"https:\/\/thalhof.net\/index.php\/wp-json\/wp\/v2\/comments?post=3"}],"version-history":[{"count":3,"href":"https:\/\/thalhof.net\/index.php\/wp-json\/wp\/v2\/pages\/3\/revisions"}],"predecessor-version":[{"id":267,"href":"https:\/\/thalhof.net\/index.php\/wp-json\/wp\/v2\/pages\/3\/revisions\/267"}],"wp:attachment":[{"href":"https:\/\/thalhof.net\/index.php\/wp-json\/wp\/v2\/media?parent=3"}],"curies":[{"name":"wp","href":"https:\/\/api.w.org\/{rel}","templated":true}]}}