{"id":12,"date":"2020-03-04T11:45:20","date_gmt":"2020-03-04T10:45:20","guid":{"rendered":"http:\/\/test.thalhof.net\/?page_id=12"},"modified":"2023-01-25T14:55:58","modified_gmt":"2023-01-25T13:55:58","slug":"home","status":"publish","type":"page","link":"https:\/\/thalhof.net\/","title":{"rendered":"Startseite"},"content":{"rendered":"\n<div class=\"wp-block-cover is-light\"><span aria-hidden=\"true\" class=\"wp-block-cover__background has-background-dim\"><\/span><img loading=\"lazy\" decoding=\"async\" width=\"1920\" height=\"1008\" class=\"wp-block-cover__image-background wp-image-235\" alt=\"\" src=\"http:\/\/test.thalhof.net\/wp-content\/uploads\/2022\/03\/Titelbild_brauneHenne.jpg\" style=\"object-position:36% 30%\" data-object-fit=\"cover\" data-object-position=\"36% 30%\" srcset=\"https:\/\/thalhof.net\/wp-content\/uploads\/2022\/03\/Titelbild_brauneHenne.jpg 1920w, https:\/\/thalhof.net\/wp-content\/uploads\/2022\/03\/Titelbild_brauneHenne-300x158.jpg 300w, https:\/\/thalhof.net\/wp-content\/uploads\/2022\/03\/Titelbild_brauneHenne-1024x538.jpg 1024w, https:\/\/thalhof.net\/wp-content\/uploads\/2022\/03\/Titelbild_brauneHenne-768x403.jpg 768w, https:\/\/thalhof.net\/wp-content\/uploads\/2022\/03\/Titelbild_brauneHenne-1536x806.jpg 1536w\" sizes=\"auto, (max-width: 1920px) 100vw, 1920px\" \/><div class=\"wp-block-cover__inner-container is-layout-flow wp-block-cover-is-layout-flow\">\n<p class=\"has-text-align-left has-large-font-size\"><mark style=\"background-color:rgba(0, 0, 0, 0)\" class=\"has-inline-color has-white-color\">Die erste Adresse <br>f\u00fcr eigenes Gefl\u00fcgel!<\/mark><\/p>\n\n\n\n<p><\/p>\n\n\n\n<p><\/p>\n\n\n\n<p><\/p>\n\n\n\n<p><mark style=\"background-color:rgba(0, 0, 0, 0)\" class=\"has-inline-color has-white-color\">seit 100 Jahren f\u00fchrend bei H\u00fchnern in K\u00e4rnten und Osttirol<\/mark><\/p>\n<\/div><\/div>\n\n\n\n<h2 class=\"wp-block-heading\"><\/h2>\n\n\n<ul class=\"wp-block-latest-posts__list wp-block-latest-posts\"><li><a class=\"wp-block-latest-posts__post-title\" href=\"https:\/\/thalhof.net\/index.php\/2025\/01\/28\/wollen-sie-zu-ostern-viele-eier\/\">Die Putensaison beginnt<\/a><div class=\"wp-block-latest-posts__post-excerpt\">Der Putenverkauf beginnt ab dem 7. Mai! Bis Ende Juni haben wir laufend schwere wei\u00dfe Puten (BUT 6) und die etwas leichtere Bronceputen. Da hier die Anzahl begrenzt ist, bitte rechtzeitig vorbestellten. Bestellungen am besten mit unserem Bestellformular, per E-Mail an office@thalhof.net oder telefonisch unter 04213 2047.<\/div><\/li>\n<li><a class=\"wp-block-latest-posts__post-title\" href=\"https:\/\/thalhof.net\/index.php\/2023\/11\/20\/ausverkauft\/\">BESTELLFORMULAR &#8211; ONLINE<\/a><div class=\"wp-block-latest-posts__post-excerpt\">Das neue Bestellformular ist online. Sie k\u00f6nnen jederzeit bequem Ihre Bestellung abgeben. Da wir ein Familienbetrieb sind und die Organisation und Telefon viel Zeit in Anspruch nehmen, helfen Sie uns sehr, wenn Sie dieses Service nutzen. Wir sagen jetzt schon danke und freuen uns von Ihnen zu h\u00f6ren. Ihre Familie Reichhold &#8211; Thalhof<\/div><\/li>\n<li><a class=\"wp-block-latest-posts__post-title\" href=\"https:\/\/thalhof.net\/index.php\/2023\/02\/13\/guenstige-eier-trotz-hoher-futterkosten\/\">G\u00fcnstige Eier trotz hoher Futterkosten!<\/a><div class=\"wp-block-latest-posts__post-excerpt\">Im letzten Jahr sind die Futterkosten um \u00fcber 70 Prozent gestiegen. In den Gesch\u00e4ften sieht man, dass die meisten qualitativ hochwertigen Eier mittlerweile jenseits der 40 Cent kosten. Die direkten Kosten f\u00fcr ein Ei in der privaten H\u00fchnerhaltung belaufen sich auf ca. 4 Cent\/Ei f\u00fcr die Junghenne und bei ausschlie\u00dflicher F\u00fctterung von Legefutter auf 13&hellip;&nbsp;<a href=\"https:\/\/thalhof.net\/index.php\/2023\/02\/13\/guenstige-eier-trotz-hoher-futterkosten\/\" class=\"\" rel=\"bookmark\">Weiterlesen &raquo;<span class=\"screen-reader-text\">G\u00fcnstige Eier trotz hoher Futterkosten!<\/span><\/a><\/div><\/li>\n<\/ul>\n\n\n<p><\/p>\n","protected":false},"excerpt":{"rendered":"","protected":false},"author":1,"featured_media":0,"parent":0,"menu_order":0,"comment_status":"closed","ping_status":"closed","template":"","meta":{"footnotes":""},"class_list":["post-12","page","type-page","status-publish","hentry"],"jetpack_sharing_enabled":true,"_links":{"self":[{"href":"https:\/\/thalhof.net\/index.php\/wp-json\/wp\/v2\/pages\/12","targetHints":{"allow":["GET"]}}],"collection":[{"href":"https:\/\/thalhof.net\/index.php\/wp-json\/wp\/v2\/pages"}],"about":[{"href":"https:\/\/thalhof.net\/index.php\/wp-json\/wp\/v2\/types\/page"}],"author":[{"embeddable":true,"href":"https:\/\/thalhof.net\/index.php\/wp-json\/wp\/v2\/users\/1"}],"replies":[{"embeddable":true,"href":"https:\/\/thalhof.net\/index.php\/wp-json\/wp\/v2\/comments?post=12"}],"version-history":[{"count":15,"href":"https:\/\/thalhof.net\/index.php\/wp-json\/wp\/v2\/pages\/12\/revisions"}],"predecessor-version":[{"id":298,"href":"https:\/\/thalhof.net\/index.php\/wp-json\/wp\/v2\/pages\/12\/revisions\/298"}],"wp:attachment":[{"href":"https:\/\/thalhof.net\/index.php\/wp-json\/wp\/v2\/media?parent=12"}],"curies":[{"name":"wp","href":"https:\/\/api.w.org\/{rel}","templated":true}]}}